{"id":244,"date":"2022-03-23T11:24:59","date_gmt":"2022-03-23T10:24:59","guid":{"rendered":"https:\/\/21schnabele.bplaced.net?page_id=244"},"modified":"2024-04-04T12:56:39","modified_gmt":"2024-04-04T10:56:39","slug":"ueber-mich","status":"publish","type":"page","link":"https:\/\/21schnabele.bplaced.net\/?page_id=244","title":{"rendered":"\u00dcber mich"},"content":{"rendered":"\t\t<div data-elementor-type=\"wp-page\" data-elementor-id=\"244\" class=\"elementor elementor-244\">\n\t\t\t\t\t\t<section class=\"elementor-section elementor-top-section elementor-element elementor-element-56d8f242 elementor-section-height-min-height elementor-section-boxed elementor-section-height-default elementor-section-items-middle wpr-particle-no wpr-jarallax-no wpr-parallax-no wpr-sticky-section-no\" data-id=\"56d8f242\" data-element_type=\"section\" data-settings=\"{&quot;background_background&quot;:&quot;slideshow&quot;,&quot;shape_divider_bottom&quot;:&quot;pyramids&quot;,&quot;background_slideshow_gallery&quot;:[{&quot;id&quot;:2600,&quot;url&quot;:&quot;https:\\\/\\\/21schnabele.bplaced.net\\\/wp-content\\\/uploads\\\/2024\\\/03\\\/99d5d6a2-b90f-4bf3-b383-9a4244375bf8.webp&quot;}],&quot;background_slideshow_loop&quot;:&quot;yes&quot;,&quot;background_slideshow_slide_duration&quot;:5000,&quot;background_slideshow_slide_transition&quot;:&quot;fade&quot;,&quot;background_slideshow_transition_duration&quot;:500}\">\n\t\t\t\t\t\t\t<div class=\"elementor-background-overlay\"><\/div>\n\t\t\t\t\t\t<div class=\"elementor-shape elementor-shape-bottom\" aria-hidden=\"true\" data-negative=\"false\">\n\t\t\t<svg xmlns=\"http:\/\/www.w3.org\/2000\/svg\" viewBox=\"0 0 1000 100\" preserveAspectRatio=\"none\">\n\t<path class=\"elementor-shape-fill\" d=\"M761.9,44.1L643.1,27.2L333.8,98L0,3.8V0l1000,0v3.9\"\/>\n<\/svg>\t\t<\/div>\n\t\t\t\t\t<div class=\"elementor-container elementor-column-gap-default\">\n\t\t\t\t\t<div class=\"elementor-column elementor-col-50 elementor-top-column elementor-element elementor-element-5e02e1b6\" data-id=\"5e02e1b6\" data-element_type=\"column\">\n\t\t\t<div class=\"elementor-widget-wrap elementor-element-populated\">\n\t\t\t\t\t\t<div class=\"elementor-element elementor-element-e97312b elementor-widget elementor-widget-image\" data-id=\"e97312b\" data-element_type=\"widget\" data-widget_type=\"image.default\">\n\t\t\t\t<div class=\"elementor-widget-container\">\n\t\t\t\t\t\t\t\t\t\t\t\t\t\t\t<img fetchpriority=\"high\" decoding=\"async\" width=\"498\" height=\"582\" src=\"https:\/\/21schnabele.bplaced.net\/wp-content\/uploads\/2024\/01\/Screenshot-2024-01-24-214921.jpg\" class=\"attachment-large size-large wp-image-2449\" alt=\"\" srcset=\"https:\/\/21schnabele.bplaced.net\/wp-content\/uploads\/2024\/01\/Screenshot-2024-01-24-214921.jpg 498w, https:\/\/21schnabele.bplaced.net\/wp-content\/uploads\/2024\/01\/Screenshot-2024-01-24-214921-257x300.jpg 257w\" sizes=\"(max-width: 498px) 100vw, 498px\" \/>\t\t\t\t\t\t\t\t\t\t\t\t\t\t\t<\/div>\n\t\t\t\t<\/div>\n\t\t\t\t\t<\/div>\n\t\t<\/div>\n\t\t\t\t<div class=\"elementor-column elementor-col-50 elementor-top-column elementor-element elementor-element-182b5d1f\" data-id=\"182b5d1f\" data-element_type=\"column\">\n\t\t\t<div class=\"elementor-widget-wrap elementor-element-populated\">\n\t\t\t\t\t\t<section class=\"elementor-section elementor-inner-section elementor-element elementor-element-1a23efb3 elementor-section-boxed elementor-section-height-default elementor-section-height-default wpr-particle-no wpr-jarallax-no wpr-parallax-no wpr-sticky-section-no\" data-id=\"1a23efb3\" data-element_type=\"section\">\n\t\t\t\t\t\t<div class=\"elementor-container elementor-column-gap-default\">\n\t\t\t\t\t<div class=\"elementor-column elementor-col-100 elementor-inner-column elementor-element elementor-element-6613b0a8\" data-id=\"6613b0a8\" data-element_type=\"column\">\n\t\t\t<div class=\"elementor-widget-wrap elementor-element-populated\">\n\t\t\t\t\t\t<div class=\"elementor-element elementor-element-17cd8022 elementor-invisible elementor-widget elementor-widget-heading\" data-id=\"17cd8022\" data-element_type=\"widget\" data-settings=\"{&quot;_animation&quot;:&quot;fadeIn&quot;}\" data-widget_type=\"heading.default\">\n\t\t\t\t<div class=\"elementor-widget-container\">\n\t\t\t\t\t<h1 class=\"elementor-heading-title elementor-size-default\">\u00dcber mich<br>Enzo Schnabel<\/h1>\t\t\t\t<\/div>\n\t\t\t\t<\/div>\n\t\t\t\t\t<\/div>\n\t\t<\/div>\n\t\t\t\t\t<\/div>\n\t\t<\/section>\n\t\t\t\t\t<\/div>\n\t\t<\/div>\n\t\t\t\t\t<\/div>\n\t\t<\/section>\n\t\t\t\t<section class=\"elementor-section elementor-top-section elementor-element elementor-element-225fe62 elementor-section-boxed elementor-section-height-default elementor-section-height-default wpr-particle-no wpr-jarallax-no wpr-parallax-no wpr-sticky-section-no\" data-id=\"225fe62\" data-element_type=\"section\" data-settings=\"{&quot;background_background&quot;:&quot;classic&quot;}\">\n\t\t\t\t\t\t<div class=\"elementor-container elementor-column-gap-default\">\n\t\t\t\t\t<div class=\"elementor-column elementor-col-50 elementor-top-column elementor-element elementor-element-f3fec69\" data-id=\"f3fec69\" data-element_type=\"column\">\n\t\t\t<div class=\"elementor-widget-wrap elementor-element-populated\">\n\t\t\t\t\t\t<div class=\"elementor-element elementor-element-5842db8 elementor-widget elementor-widget-heading\" data-id=\"5842db8\" data-element_type=\"widget\" data-widget_type=\"heading.default\">\n\t\t\t\t<div class=\"elementor-widget-container\">\n\t\t\t\t\t<h3 class=\"elementor-heading-title elementor-size-default\">Fakten \u00fcber mich<\/h3>\t\t\t\t<\/div>\n\t\t\t\t<\/div>\n\t\t\t\t<div class=\"elementor-element elementor-element-ab50c81 elementor-widget__width-initial elementor-widget elementor-widget-heading\" data-id=\"ab50c81\" data-element_type=\"widget\" data-widget_type=\"heading.default\">\n\t\t\t\t<div class=\"elementor-widget-container\">\n\t\t\t\t\t<p class=\"elementor-heading-title elementor-size-default\"><div><div><div><main><div role=\"presentation\"><div><div><div><div><div data-testid=\"conversation-turn-27\"><div><div><div><div><div><div data-message-author-role=\"assistant\" data-message-id=\"8a3e68e6-704e-48c1-95c3-d031f027fea5\"><div><p>Willkommen auf meiner Seite! Ich bin Enzo Schnabel, Sch\u00fcler an der \nHandelsakademie in Hall in Tirol mit einer Leidenschaft f\u00fcr Wirtschaft \nund Abenteuer. Als Mitglied der Jungbauern Tulfes teile ich meine \nBegeisterung f\u00fcr Landwirtschaft, und in meiner Freizeit bin ich ein \nambitionierter Skifahrer, der die Tiroler Bergwelt erkundet. Hier k\u00f6nnt \nihr einen Einblick in meine Welt und Interessen bekommen. Viel Spa\u00df beim\n St\u00f6bern!<\/p><\/div><\/div><\/div><\/div><\/div><\/div><\/div><\/div><\/div><\/div><\/div><\/div><\/div><\/main><\/div><\/div><\/div><\/p>\t\t\t\t<\/div>\n\t\t\t\t<\/div>\n\t\t\t\t\t<\/div>\n\t\t<\/div>\n\t\t\t\t<div class=\"elementor-column elementor-col-50 elementor-top-column elementor-element elementor-element-c037059\" data-id=\"c037059\" data-element_type=\"column\">\n\t\t\t<div class=\"elementor-widget-wrap elementor-element-populated\">\n\t\t\t\t\t\t<div class=\"elementor-element elementor-element-751d75ab elementor-widget elementor-widget-image\" data-id=\"751d75ab\" data-element_type=\"widget\" data-widget_type=\"image.default\">\n\t\t\t\t<div class=\"elementor-widget-container\">\n\t\t\t\t\t\t\t\t\t\t\t\t\t\t\t<img decoding=\"async\" src=\"https:\/\/21schnabele.bplaced.net\/wp-content\/uploads\/elementor\/thumbs\/daf3eae9-753b-49f1-95e1-b3dce77dc9e2-qisrwdcftbxpcjzbk774s1mfzryjtnje83ytmsd9cw.jpg\" title=\"daf3eae9-753b-49f1-95e1-b3dce77dc9e2\" alt=\"daf3eae9-753b-49f1-95e1-b3dce77dc9e2\" class=\"elementor-animation-float\" loading=\"lazy\" \/>\t\t\t\t\t\t\t\t\t\t\t\t\t\t\t<\/div>\n\t\t\t\t<\/div>\n\t\t\t\t\t<\/div>\n\t\t<\/div>\n\t\t\t\t\t<\/div>\n\t\t<\/section>\n\t\t\t\t<section class=\"elementor-section elementor-top-section elementor-element elementor-element-a2df1fb elementor-section-boxed elementor-section-height-default elementor-section-height-default wpr-particle-no wpr-jarallax-no wpr-parallax-no wpr-sticky-section-no\" data-id=\"a2df1fb\" data-element_type=\"section\">\n\t\t\t\t\t\t<div class=\"elementor-container elementor-column-gap-default\">\n\t\t\t\t\t<div class=\"elementor-column elementor-col-100 elementor-top-column elementor-element elementor-element-06758a1\" data-id=\"06758a1\" data-element_type=\"column\">\n\t\t\t<div class=\"elementor-widget-wrap elementor-element-populated\">\n\t\t\t\t\t\t<div class=\"elementor-element elementor-element-1ae6188 elementor-widget elementor-widget-spacer\" data-id=\"1ae6188\" data-element_type=\"widget\" data-widget_type=\"spacer.default\">\n\t\t\t\t<div class=\"elementor-widget-container\">\n\t\t\t\t\t\t\t<div class=\"elementor-spacer\">\n\t\t\t<div class=\"elementor-spacer-inner\"><\/div>\n\t\t<\/div>\n\t\t\t\t\t\t<\/div>\n\t\t\t\t<\/div>\n\t\t\t\t\t<\/div>\n\t\t<\/div>\n\t\t\t\t\t<\/div>\n\t\t<\/section>\n\t\t\t\t<section class=\"elementor-section elementor-top-section elementor-element elementor-element-5e84320 elementor-section-boxed elementor-section-height-default elementor-section-height-default wpr-particle-no wpr-jarallax-no wpr-parallax-no wpr-sticky-section-no\" data-id=\"5e84320\" data-element_type=\"section\">\n\t\t\t\t\t\t<div class=\"elementor-container elementor-column-gap-default\">\n\t\t\t\t\t<div class=\"elementor-column elementor-col-100 elementor-top-column elementor-element elementor-element-8ed0943\" data-id=\"8ed0943\" data-element_type=\"column\">\n\t\t\t<div class=\"elementor-widget-wrap elementor-element-populated\">\n\t\t\t\t\t\t<div class=\"elementor-element elementor-element-3943be7 elementor-arrows-position-inside elementor-pagination-position-outside elementor-widget elementor-widget-image-carousel\" data-id=\"3943be7\" data-element_type=\"widget\" data-settings=\"{&quot;navigation&quot;:&quot;both&quot;,&quot;autoplay&quot;:&quot;yes&quot;,&quot;pause_on_hover&quot;:&quot;yes&quot;,&quot;pause_on_interaction&quot;:&quot;yes&quot;,&quot;autoplay_speed&quot;:5000,&quot;infinite&quot;:&quot;yes&quot;,&quot;speed&quot;:500}\" data-widget_type=\"image-carousel.default\">\n\t\t\t\t<div class=\"elementor-widget-container\">\n\t\t\t\t\t\t\t<div class=\"elementor-image-carousel-wrapper swiper\" role=\"region\" aria-roledescription=\"carousel\" aria-label=\"Image Carousel\" dir=\"ltr\">\n\t\t\t<div class=\"elementor-image-carousel swiper-wrapper swiper-image-stretch\" aria-live=\"off\">\n\t\t\t\t\t\t\t\t<div class=\"swiper-slide\" role=\"group\" aria-roledescription=\"slide\" aria-label=\"1 of 7\"><figure class=\"swiper-slide-inner\"><img decoding=\"async\" class=\"swiper-slide-image\" src=\"https:\/\/21schnabele.bplaced.net\/wp-content\/uploads\/elementor\/thumbs\/e514ec19-4804-4534-9df5-c5eb6e526c6e-qisxtmy5894guoq0hmdlgd13tdhe5exliuzbfeqbns.jpg\" alt=\"e514ec19-4804-4534-9df5-c5eb6e526c6e\" \/><\/figure><\/div><div class=\"swiper-slide\" role=\"group\" aria-roledescription=\"slide\" aria-label=\"2 of 7\"><figure class=\"swiper-slide-inner\"><img decoding=\"async\" class=\"swiper-slide-image\" src=\"https:\/\/21schnabele.bplaced.net\/wp-content\/uploads\/elementor\/thumbs\/a5e0895e-d7a3-4269-82e1-4d972a062cb3-1-qisxtprnsr8btilx15lh5ubhlj3hsi8sj8xrv8m554.jpg\" alt=\"a5e0895e-d7a3-4269-82e1-4d972a062cb3\" \/><\/figure><\/div><div class=\"swiper-slide\" role=\"group\" aria-roledescription=\"slide\" aria-label=\"3 of 7\"><figure class=\"swiper-slide-inner\"><img decoding=\"async\" class=\"swiper-slide-image\" src=\"https:\/\/21schnabele.bplaced.net\/wp-content\/uploads\/elementor\/thumbs\/cf08a68a-19d3-4df9-835a-c6d35bc61643-qisxtrnc6fawgqj6q6eqatuesau87wg97i8qtsjcso.jpg\" alt=\"cf08a68a-19d3-4df9-835a-c6d35bc61643\" \/><\/figure><\/div><div class=\"swiper-slide\" role=\"group\" aria-roledescription=\"slide\" aria-label=\"4 of 7\"><figure class=\"swiper-slide-inner\"><img decoding=\"async\" class=\"swiper-slide-image\" src=\"https:\/\/21schnabele.bplaced.net\/wp-content\/uploads\/elementor\/thumbs\/51320b2b-14a5-449e-bbf9-01b0c2728637-qisxtuguqxerfkf39pmm0b4skggbuzrg7w779mf6a0.jpg\" alt=\"51320b2b-14a5-449e-bbf9-01b0c2728637\" \/><\/figure><\/div><div class=\"swiper-slide\" role=\"group\" aria-roledescription=\"slide\" aria-label=\"5 of 7\"><figure class=\"swiper-slide-inner\"><img decoding=\"async\" class=\"swiper-slide-image\" src=\"https:\/\/21schnabele.bplaced.net\/wp-content\/uploads\/elementor\/thumbs\/ce516bfd-5784-4e52-a954-1dceda1fbf26-qisxtxadbfimeeazt8uhpsf6cm2fi32n8a5npgazrc.jpg\" alt=\"ce516bfd-5784-4e52-a954-1dceda1fbf26\" \/><\/figure><\/div><div class=\"swiper-slide\" role=\"group\" aria-roledescription=\"slide\" aria-label=\"6 of 7\"><figure class=\"swiper-slide-inner\"><img decoding=\"async\" class=\"swiper-slide-image\" src=\"https:\/\/21schnabele.bplaced.net\/wp-content\/uploads\/elementor\/thumbs\/141f6e3b-c1b7-4a6e-a45a-177f7309398b-qisxu03vvxmhd86wcs2df9pk4roj56du8o445a6t8o.jpg\" alt=\"141f6e3b-c1b7-4a6e-a45a-177f7309398b\" \/><\/figure><\/div><div class=\"swiper-slide\" role=\"group\" aria-roledescription=\"slide\" aria-label=\"7 of 7\"><figure class=\"swiper-slide-inner\"><img decoding=\"async\" class=\"swiper-slide-image\" src=\"https:\/\/21schnabele.bplaced.net\/wp-content\/uploads\/elementor\/thumbs\/e13aba7e-a2fc-42b1-ae97-061130f40ba1-1-qisxu2xegfqcc22swba94qzxwxams9p1922kl42mq0.jpg\" alt=\"e13aba7e-a2fc-42b1-ae97-061130f40ba1\" \/><\/figure><\/div>\t\t\t<\/div>\n\t\t\t\t\t\t\t\t\t\t\t\t<div class=\"elementor-swiper-button elementor-swiper-button-prev\" role=\"button\" tabindex=\"0\">\n\t\t\t\t\t\t<i aria-hidden=\"true\" class=\"eicon-chevron-left\"><\/i>\t\t\t\t\t<\/div>\n\t\t\t\t\t<div class=\"elementor-swiper-button elementor-swiper-button-next\" role=\"button\" tabindex=\"0\">\n\t\t\t\t\t\t<i aria-hidden=\"true\" class=\"eicon-chevron-right\"><\/i>\t\t\t\t\t<\/div>\n\t\t\t\t\n\t\t\t\t\t\t\t\t\t<div class=\"swiper-pagination\"><\/div>\n\t\t\t\t\t\t\t\t\t<\/div>\n\t\t\t\t\t\t<\/div>\n\t\t\t\t<\/div>\n\t\t\t\t<div class=\"elementor-element elementor-element-1774aac elementor-widget elementor-widget-spacer\" data-id=\"1774aac\" data-element_type=\"widget\" data-widget_type=\"spacer.default\">\n\t\t\t\t<div class=\"elementor-widget-container\">\n\t\t\t\t\t\t\t<div class=\"elementor-spacer\">\n\t\t\t<div class=\"elementor-spacer-inner\"><\/div>\n\t\t<\/div>\n\t\t\t\t\t\t<\/div>\n\t\t\t\t<\/div>\n\t\t\t\t\t<\/div>\n\t\t<\/div>\n\t\t\t\t\t<\/div>\n\t\t<\/section>\n\t\t\t\t<\/div>\n\t\t","protected":false},"excerpt":{"rendered":"<p>\u00dcber michEnzo Schnabel Fakten \u00fcber mich Willkommen auf meiner Seite! Ich bin Enzo Schnabel, Sch\u00fcler an der Handelsakademie in Hall in Tirol mit einer Leidenschaft f\u00fcr Wirtschaft und Abenteuer. Als Mitglied der Jungbauern Tulfes teile ich meine Begeisterung f\u00fcr Landwirtschaft, und in meiner Freizeit bin ich ein ambitionierter Skifahrer, der die Tiroler Bergwelt erkundet. Hier k\u00f6nnt ihr einen Einblick in meine Welt und Interessen bekommen. Viel Spa\u00df beim St\u00f6bern!<\/p>\n","protected":false},"author":2,"featured_media":0,"parent":0,"menu_order":0,"comment_status":"closed","ping_status":"closed","template":"elementor_header_footer","meta":{"footnotes":""},"class_list":["post-244","page","type-page","status-publish","hentry"],"_links":{"self":[{"href":"https:\/\/21schnabele.bplaced.net\/index.php?rest_route=\/wp\/v2\/pages\/244","targetHints":{"allow":["GET"]}}],"collection":[{"href":"https:\/\/21schnabele.bplaced.net\/index.php?rest_route=\/wp\/v2\/pages"}],"about":[{"href":"https:\/\/21schnabele.bplaced.net\/index.php?rest_route=\/wp\/v2\/types\/page"}],"author":[{"embeddable":true,"href":"https:\/\/21schnabele.bplaced.net\/index.php?rest_route=\/wp\/v2\/users\/2"}],"replies":[{"embeddable":true,"href":"https:\/\/21schnabele.bplaced.net\/index.php?rest_route=%2Fwp%2Fv2%2Fcomments&post=244"}],"version-history":[{"count":34,"href":"https:\/\/21schnabele.bplaced.net\/index.php?rest_route=\/wp\/v2\/pages\/244\/revisions"}],"predecessor-version":[{"id":2784,"href":"https:\/\/21schnabele.bplaced.net\/index.php?rest_route=\/wp\/v2\/pages\/244\/revisions\/2784"}],"wp:attachment":[{"href":"https:\/\/21schnabele.bplaced.net\/index.php?rest_route=%2Fwp%2Fv2%2Fmedia&parent=244"}],"curies":[{"name":"wp","href":"https:\/\/api.w.org\/{rel}","templated":true}]}}