{"id":322,"date":"2022-03-24T09:55:17","date_gmt":"2022-03-24T08:55:17","guid":{"rendered":"https:\/\/21schnabele.bplaced.net?page_id=322"},"modified":"2024-05-03T13:04:10","modified_gmt":"2024-05-03T11:04:10","slug":"architekturfotografie","status":"publish","type":"page","link":"https:\/\/21schnabele.bplaced.net\/?page_id=322","title":{"rendered":"Architekturfotografie"},"content":{"rendered":"\t\t<div data-elementor-type=\"wp-page\" data-elementor-id=\"322\" class=\"elementor elementor-322\">\n\t\t\t\t\t\t<section class=\"elementor-section elementor-top-section elementor-element elementor-element-223d795b elementor-section-stretched elementor-section-height-min-height elementor-section-boxed elementor-section-height-default elementor-section-items-middle wpr-particle-no wpr-jarallax-no wpr-parallax-no wpr-sticky-section-no elementor-invisible\" data-id=\"223d795b\" data-element_type=\"section\" data-settings=\"{&quot;background_background&quot;:&quot;slideshow&quot;,&quot;animation&quot;:&quot;fadeIn&quot;,&quot;stretch_section&quot;:&quot;section-stretched&quot;,&quot;background_slideshow_gallery&quot;:[{&quot;id&quot;:2726,&quot;url&quot;:&quot;https:\\\/\\\/21schnabele.bplaced.net\\\/wp-content\\\/uploads\\\/2024\\\/04\\\/IMG_7647-scaled.jpeg&quot;}],&quot;background_slideshow_slide_duration&quot;:4000,&quot;background_slideshow_loop&quot;:&quot;yes&quot;,&quot;background_slideshow_slide_transition&quot;:&quot;fade&quot;,&quot;background_slideshow_transition_duration&quot;:500}\">\n\t\t\t\t\t\t\t<div class=\"elementor-background-overlay\"><\/div>\n\t\t\t\t\t\t\t<div class=\"elementor-container elementor-column-gap-default\">\n\t\t\t\t\t<div class=\"elementor-column elementor-col-100 elementor-top-column elementor-element elementor-element-5975a935\" data-id=\"5975a935\" data-element_type=\"column\">\n\t\t\t<div class=\"elementor-widget-wrap elementor-element-populated\">\n\t\t\t\t\t\t<section class=\"elementor-section elementor-inner-section elementor-element elementor-element-78afa278 elementor-section-content-middle elementor-section-boxed elementor-section-height-default elementor-section-height-default wpr-particle-no wpr-jarallax-no wpr-parallax-no wpr-sticky-section-no\" data-id=\"78afa278\" data-element_type=\"section\">\n\t\t\t\t\t\t<div class=\"elementor-container elementor-column-gap-default\">\n\t\t\t\t\t<div class=\"elementor-column elementor-col-33 elementor-inner-column elementor-element elementor-element-225cd8e5\" data-id=\"225cd8e5\" data-element_type=\"column\">\n\t\t\t<div class=\"elementor-widget-wrap\">\n\t\t\t\t\t\t\t<\/div>\n\t\t<\/div>\n\t\t\t\t<div class=\"elementor-column elementor-col-33 elementor-inner-column elementor-element elementor-element-5d855b82\" data-id=\"5d855b82\" data-element_type=\"column\">\n\t\t\t<div class=\"elementor-widget-wrap elementor-element-populated\">\n\t\t\t\t\t\t<div class=\"elementor-element elementor-element-fd21932 animated-fast elementor-widget__width-initial elementor-invisible elementor-widget elementor-widget-heading\" data-id=\"fd21932\" data-element_type=\"widget\" data-settings=\"{&quot;_animation&quot;:&quot;zoomIn&quot;}\" data-widget_type=\"heading.default\">\n\t\t\t\t<div class=\"elementor-widget-container\">\n\t\t\t\t\t<h1 class=\"elementor-heading-title elementor-size-xxl\">Architektur-\nfotografie<\/h1>\t\t\t\t<\/div>\n\t\t\t\t<\/div>\n\t\t\t\t\t<\/div>\n\t\t<\/div>\n\t\t\t\t<div class=\"elementor-column elementor-col-33 elementor-inner-column elementor-element elementor-element-6279bbd\" data-id=\"6279bbd\" data-element_type=\"column\">\n\t\t\t<div class=\"elementor-widget-wrap\">\n\t\t\t\t\t\t\t<\/div>\n\t\t<\/div>\n\t\t\t\t\t<\/div>\n\t\t<\/section>\n\t\t\t\t\t<\/div>\n\t\t<\/div>\n\t\t\t\t\t<\/div>\n\t\t<\/section>\n\t\t\t\t<section class=\"elementor-section elementor-top-section elementor-element elementor-element-52bd388f elementor-section-content-middle animated-slow elementor-section-boxed elementor-section-height-default elementor-section-height-default wpr-particle-no wpr-jarallax-no wpr-parallax-no wpr-sticky-section-no elementor-invisible\" data-id=\"52bd388f\" data-element_type=\"section\" data-settings=\"{&quot;background_background&quot;:&quot;classic&quot;,&quot;animation&quot;:&quot;fadeIn&quot;}\">\n\t\t\t\t\t\t<div class=\"elementor-container elementor-column-gap-default\">\n\t\t\t\t\t<div class=\"elementor-column elementor-col-50 elementor-top-column elementor-element elementor-element-2322644a elementor-invisible\" data-id=\"2322644a\" data-element_type=\"column\" data-settings=\"{&quot;animation&quot;:&quot;fadeInLeft&quot;}\">\n\t\t\t<div class=\"elementor-widget-wrap elementor-element-populated\">\n\t\t\t\t\t\t<div class=\"elementor-element elementor-element-e57a1a elementor-invisible elementor-widget elementor-widget-heading\" data-id=\"e57a1a\" data-element_type=\"widget\" data-settings=\"{&quot;_animation&quot;:&quot;fadeInLeft&quot;}\" data-widget_type=\"heading.default\">\n\t\t\t\t<div class=\"elementor-widget-container\">\n\t\t\t\t\t<h2 class=\"elementor-heading-title elementor-size-default\">\nArchitekturfotografie: Die Sch\u00f6nheit der Strukturen einfangen<\/h2>\t\t\t\t<\/div>\n\t\t\t\t<\/div>\n\t\t\t\t\t<\/div>\n\t\t<\/div>\n\t\t\t\t<div class=\"elementor-column elementor-col-50 elementor-top-column elementor-element elementor-element-4a776e17 elementor-invisible\" data-id=\"4a776e17\" data-element_type=\"column\" data-settings=\"{&quot;animation&quot;:&quot;fadeInRight&quot;}\">\n\t\t\t<div class=\"elementor-widget-wrap elementor-element-populated\">\n\t\t\t\t\t\t<div class=\"elementor-element elementor-element-20113468 animated-slow elementor-invisible elementor-widget elementor-widget-text-editor\" data-id=\"20113468\" data-element_type=\"widget\" data-settings=\"{&quot;_animation&quot;:&quot;fadeIn&quot;}\" data-widget_type=\"text-editor.default\">\n\t\t\t\t<div class=\"elementor-widget-container\">\n\t\t\t\t\t\t\t\t\t<p>Architekturfotografie f\u00e4ngt die \u00c4sthetik, Struktur und Atmosph\u00e4re von Geb\u00e4uden ein. Durch pr\u00e4zise Komposition und Lichtf\u00fchrung werden Details hervorgehoben, w\u00e4hrend die Gesamtheit des Bauwerks im Fokus bleibt. Diese Fotografieform vereint Technik und k\u00fcnstlerische Vision, um die Sch\u00f6nheit und Funktionalit\u00e4t der Architektur zu w\u00fcrdigen und zu dokumentieren.<\/p>\t\t\t\t\t\t\t\t<\/div>\n\t\t\t\t<\/div>\n\t\t\t\t\t<\/div>\n\t\t<\/div>\n\t\t\t\t\t<\/div>\n\t\t<\/section>\n\t\t\t\t<section class=\"elementor-section elementor-top-section elementor-element elementor-element-4849b6d4 elementor-section-content-middle elementor-section-boxed elementor-section-height-default elementor-section-height-default wpr-particle-no wpr-jarallax-no wpr-parallax-no wpr-sticky-section-no\" data-id=\"4849b6d4\" data-element_type=\"section\" data-settings=\"{&quot;background_background&quot;:&quot;classic&quot;}\">\n\t\t\t\t\t\t<div class=\"elementor-container elementor-column-gap-default\">\n\t\t\t\t\t<div class=\"elementor-column elementor-col-50 elementor-top-column elementor-element elementor-element-67c5d7bb elementor-invisible\" data-id=\"67c5d7bb\" data-element_type=\"column\" data-settings=\"{&quot;animation&quot;:&quot;fadeInRight&quot;}\">\n\t\t\t<div class=\"elementor-widget-wrap elementor-element-populated\">\n\t\t\t\t\t\t<div class=\"elementor-element elementor-element-23af7efd elementor-widget elementor-widget-image\" data-id=\"23af7efd\" data-element_type=\"widget\" data-widget_type=\"image.default\">\n\t\t\t\t<div class=\"elementor-widget-container\">\n\t\t\t\t\t\t\t\t\t\t\t\t\t\t\t<img decoding=\"async\" src=\"https:\/\/21schnabele.bplaced.net\/wp-content\/uploads\/elementor\/thumbs\/IMG_5092-scaled-qm7creukm1ietokmzchrsbut8llitxqfzmc1jm4ti0.jpeg\" title=\"IMG_5092\" alt=\"IMG_5092\" loading=\"lazy\" \/>\t\t\t\t\t\t\t\t\t\t\t\t\t\t\t<\/div>\n\t\t\t\t<\/div>\n\t\t\t\t\t<\/div>\n\t\t<\/div>\n\t\t\t\t<div class=\"elementor-column elementor-col-50 elementor-top-column elementor-element elementor-element-2a99fd13 elementor-invisible\" data-id=\"2a99fd13\" data-element_type=\"column\" data-settings=\"{&quot;animation&quot;:&quot;fadeInLeft&quot;}\">\n\t\t\t<div class=\"elementor-widget-wrap elementor-element-populated\">\n\t\t\t\t\t\t<div class=\"elementor-element elementor-element-20d8ce3e animated-slow elementor-invisible elementor-widget elementor-widget-heading\" data-id=\"20d8ce3e\" data-element_type=\"widget\" data-settings=\"{&quot;_animation&quot;:&quot;fadeIn&quot;}\" data-widget_type=\"heading.default\">\n\t\t\t\t<div class=\"elementor-widget-container\">\n\t\t\t\t\t<h2 class=\"elementor-heading-title elementor-size-default\">Wie fotografiere ich am besten Geb\u00e4ude<\/h2>\t\t\t\t<\/div>\n\t\t\t\t<\/div>\n\t\t\t\t<div class=\"elementor-element elementor-element-3a8682e9 animated-slow elementor-invisible elementor-widget elementor-widget-text-editor\" data-id=\"3a8682e9\" data-element_type=\"widget\" data-settings=\"{&quot;_animation&quot;:&quot;fadeIn&quot;}\" data-widget_type=\"text-editor.default\">\n\t\t\t\t<div class=\"elementor-widget-container\">\n\t\t\t\t\t\t\t\t\t<div class=\"flex-1 overflow-hidden\"><div class=\"react-scroll-to-bottom--css-wxmfa-79elbk h-full\"><div class=\"react-scroll-to-bottom--css-wxmfa-1n7m0yu\"><div class=\"flex flex-col text-sm pb-9\"><div class=\"w-full text-token-text-primary\" data-testid=\"conversation-turn-17\"><div class=\"px-4 py-2 justify-center text-base md:gap-6 m-auto\"><div class=\"flex flex-1 text-base mx-auto gap-3 md:px-5 lg:px-1 xl:px-5 md:max-w-3xl lg:max-w-[40rem] xl:max-w-[48rem] group final-completion\"><div class=\"relative flex w-full flex-col agent-turn\"><div class=\"flex-col gap-1 md:gap-3\"><div class=\"flex flex-grow flex-col max-w-full\"><div class=\"min-h-[20px] text-message flex flex-col items-start gap-3 whitespace-pre-wrap break-words [.text-message+&amp;]:mt-5 overflow-x-auto\" data-message-author-role=\"assistant\" data-message-id=\"53786793-04c0-43c0-94f5-19a069e354d1\"><div class=\"markdown prose w-full break-words dark:prose-invert light\"><p>F\u00fcr beeindruckende Architekturaufnahmen empfehle ich folgende Kameraeinstellungen:<br \/>W\u00e4hle eine l\u00e4ngere Belichtungszeit, etwa zwischen 1\/30 und 2 Sekunden, um die Details und Texturen der Architektur einzufangen. Nutze eine kleinere Blenden\u00f6ffnung, etwa zwischen f\/8 und f\/16, um eine gro\u00dfe Sch\u00e4rfentiefe zu erzielen und sicherzustellen, dass sowohl Vordergrund als auch Hintergrund scharf abgebildet werden. Halte den ISO-Wert niedrig, idealerweise bei 100 oder 200, um Bildrauschen zu minimieren. Verwende ein stabiles Stativ, um Verwacklungen zu vermeiden, und stelle den Fokus manuell ein, um die Sch\u00e4rfe pr\u00e4zise zu kontrollieren.<\/p><\/div><\/div><\/div><\/div><\/div><\/div><\/div><\/div><\/div><\/div><\/div><\/div>\t\t\t\t\t\t\t\t<\/div>\n\t\t\t\t<\/div>\n\t\t\t\t\t<\/div>\n\t\t<\/div>\n\t\t\t\t\t<\/div>\n\t\t<\/section>\n\t\t\t\t<section class=\"elementor-section elementor-top-section elementor-element elementor-element-c9565d1 elementor-section-boxed elementor-section-height-default elementor-section-height-default wpr-particle-no wpr-jarallax-no wpr-parallax-no wpr-sticky-section-no\" data-id=\"c9565d1\" data-element_type=\"section\">\n\t\t\t\t\t\t<div class=\"elementor-container elementor-column-gap-default\">\n\t\t\t\t\t<div class=\"elementor-column elementor-col-100 elementor-top-column elementor-element elementor-element-bfe813c\" data-id=\"bfe813c\" data-element_type=\"column\">\n\t\t\t<div class=\"elementor-widget-wrap elementor-element-populated\">\n\t\t\t\t\t\t<div class=\"elementor-element elementor-element-12a4c29 animated-slow elementor-invisible elementor-widget elementor-widget-heading\" data-id=\"12a4c29\" data-element_type=\"widget\" data-settings=\"{&quot;_animation&quot;:&quot;fadeIn&quot;}\" data-widget_type=\"heading.default\">\n\t\t\t\t<div class=\"elementor-widget-container\">\n\t\t\t\t\t<h2 class=\"elementor-heading-title elementor-size-default\">selbstgeschossene Bilder<\/h2>\t\t\t\t<\/div>\n\t\t\t\t<\/div>\n\t\t\t\t\t<\/div>\n\t\t<\/div>\n\t\t\t\t\t<\/div>\n\t\t<\/section>\n\t\t\t\t<section class=\"elementor-section elementor-top-section elementor-element elementor-element-ef57af2 animated-fast elementor-section-boxed elementor-section-height-default elementor-section-height-default wpr-particle-no wpr-jarallax-no wpr-parallax-no wpr-sticky-section-no elementor-invisible\" data-id=\"ef57af2\" data-element_type=\"section\" data-settings=\"{&quot;background_background&quot;:&quot;classic&quot;,&quot;animation&quot;:&quot;fadeIn&quot;}\">\n\t\t\t\t\t\t\t<div class=\"elementor-background-overlay\"><\/div>\n\t\t\t\t\t\t\t<div class=\"elementor-container elementor-column-gap-default\">\n\t\t\t\t\t<div class=\"elementor-column elementor-col-100 elementor-top-column elementor-element elementor-element-6e2a5d4\" data-id=\"6e2a5d4\" data-element_type=\"column\">\n\t\t\t<div class=\"elementor-widget-wrap elementor-element-populated\">\n\t\t\t\t\t\t<div class=\"elementor-element elementor-element-f7c495c elementor-arrows-position-inside elementor-pagination-position-outside elementor-widget elementor-widget-image-carousel\" data-id=\"f7c495c\" data-element_type=\"widget\" data-settings=\"{&quot;navigation&quot;:&quot;both&quot;,&quot;autoplay&quot;:&quot;yes&quot;,&quot;pause_on_hover&quot;:&quot;yes&quot;,&quot;pause_on_interaction&quot;:&quot;yes&quot;,&quot;autoplay_speed&quot;:5000,&quot;infinite&quot;:&quot;yes&quot;,&quot;speed&quot;:500}\" data-widget_type=\"image-carousel.default\">\n\t\t\t\t<div class=\"elementor-widget-container\">\n\t\t\t\t\t\t\t<div class=\"elementor-image-carousel-wrapper swiper\" role=\"region\" aria-roledescription=\"carousel\" aria-label=\"Image Carousel\" dir=\"ltr\">\n\t\t\t<div class=\"elementor-image-carousel swiper-wrapper\" aria-live=\"off\">\n\t\t\t\t\t\t\t\t<div class=\"swiper-slide\" role=\"group\" aria-roledescription=\"slide\" aria-label=\"1 of 9\"><figure class=\"swiper-slide-inner\"><img decoding=\"async\" class=\"swiper-slide-image\" src=\"https:\/\/21schnabele.bplaced.net\/wp-content\/uploads\/elementor\/thumbs\/IMG_7696-scaled-qm7crtvzne2pr5andhnkmo56jubam5ek2y0w7k917o.jpeg\" alt=\"IMG_7696\" \/><\/figure><\/div><div class=\"swiper-slide\" role=\"group\" aria-roledescription=\"slide\" aria-label=\"2 of 9\"><figure class=\"swiper-slide-inner\"><img decoding=\"async\" class=\"swiper-slide-image\" src=\"https:\/\/21schnabele.bplaced.net\/wp-content\/uploads\/elementor\/thumbs\/IMG_7621-1-scaled-qm7crr2h2vyusbeqtyfox6usrop6z23d2k2frqd7qc.jpeg\" alt=\"IMG_7621\" \/><\/figure><\/div><div class=\"swiper-slide\" role=\"group\" aria-roledescription=\"slide\" aria-label=\"3 of 9\"><figure class=\"swiper-slide-inner\"><img decoding=\"async\" class=\"swiper-slide-image\" src=\"https:\/\/21schnabele.bplaced.net\/wp-content\/uploads\/elementor\/thumbs\/IMG_5001-scaled-qm7cr2mo571eege8snve4d0tbo1nexecb73tajdg84.jpeg\" alt=\"IMG_5001\" \/><\/figure><\/div><div class=\"swiper-slide\" role=\"group\" aria-roledescription=\"slide\" aria-label=\"4 of 9\"><figure class=\"swiper-slide-inner\"><img decoding=\"async\" class=\"swiper-slide-image\" src=\"https:\/\/21schnabele.bplaced.net\/wp-content\/uploads\/elementor\/thumbs\/uhrturm_ohne_menschen-scaled-qm7cqw1stcse56nsv3104wol5yy2x1o7yajexln7fo.jpeg\" alt=\"uhrturm_ohne_menschen\" \/><\/figure><\/div><div class=\"swiper-slide\" role=\"group\" aria-roledescription=\"slide\" aria-label=\"5 of 9\"><figure class=\"swiper-slide-inner\"><img decoding=\"async\" class=\"swiper-slide-image\" src=\"https:\/\/21schnabele.bplaced.net\/wp-content\/uploads\/elementor\/thumbs\/IMG_4432-scaled-qm7cqpgxhijdvwxcxi6m5gcd09uif5y3ldz0knwyn8.jpeg\" alt=\"IMG_4432\" \/><\/figure><\/div><div class=\"swiper-slide\" role=\"group\" aria-roledescription=\"slide\" aria-label=\"6 of 9\"><figure class=\"swiper-slide-inner\"><img decoding=\"async\" class=\"swiper-slide-image\" src=\"https:\/\/21schnabele.bplaced.net\/wp-content\/uploads\/elementor\/thumbs\/IMG_7795-scaled-qm7cqjtwcibny95jufquqhrlfymb4zbpkm23p05bok.jpeg\" alt=\"IMG_7795\" \/><\/figure><\/div><div class=\"swiper-slide\" role=\"group\" aria-roledescription=\"slide\" aria-label=\"7 of 9\"><figure class=\"swiper-slide-inner\"><img decoding=\"async\" class=\"swiper-slide-image\" src=\"https:\/\/21schnabele.bplaced.net\/wp-content\/uploads\/elementor\/thumbs\/IMG_7801-scaled-qm7cqbdcn0031rhu7u37m1wg3hs07pe4jg6qdihv8k.jpeg\" alt=\"IMG_7801\" \/><\/figure><\/div><div class=\"swiper-slide\" role=\"group\" aria-roledescription=\"slide\" aria-label=\"8 of 9\"><figure class=\"swiper-slide-inner\"><img decoding=\"async\" class=\"swiper-slide-image\" src=\"https:\/\/21schnabele.bplaced.net\/wp-content\/uploads\/elementor\/thumbs\/Screenshot-2024-04-04-091021-qm7d0d97q7rh7mw6ioiks0kwsu8bj6as97co51lap0.png\" alt=\"Screenshot 2024-04-04 091021\" \/><\/figure><\/div><div class=\"swiper-slide\" role=\"group\" aria-roledescription=\"slide\" aria-label=\"9 of 9\"><figure class=\"swiper-slide-inner\"><img decoding=\"async\" class=\"swiper-slide-image\" src=\"https:\/\/21schnabele.bplaced.net\/wp-content\/uploads\/elementor\/thumbs\/Screenshot-2024-04-04-091111-qm7d0ju3220hgwmmg9cyrgx4yjbw120wm3x2hzbjhg.png\" alt=\"Screenshot 2024-04-04 091111\" \/><\/figure><\/div>\t\t\t<\/div>\n\t\t\t\t\t\t\t\t\t\t\t\t<div class=\"elementor-swiper-button elementor-swiper-button-prev\" role=\"button\" tabindex=\"0\">\n\t\t\t\t\t\t<i aria-hidden=\"true\" class=\"eicon-chevron-left\"><\/i>\t\t\t\t\t<\/div>\n\t\t\t\t\t<div class=\"elementor-swiper-button elementor-swiper-button-next\" role=\"button\" tabindex=\"0\">\n\t\t\t\t\t\t<i aria-hidden=\"true\" class=\"eicon-chevron-right\"><\/i>\t\t\t\t\t<\/div>\n\t\t\t\t\n\t\t\t\t\t\t\t\t\t<div class=\"swiper-pagination\"><\/div>\n\t\t\t\t\t\t\t\t\t<\/div>\n\t\t\t\t\t\t<\/div>\n\t\t\t\t<\/div>\n\t\t\t\t\t<\/div>\n\t\t<\/div>\n\t\t\t\t\t<\/div>\n\t\t<\/section>\n\t\t\t\t<\/div>\n\t\t","protected":false},"excerpt":{"rendered":"<p>Architektur- fotografie Architekturfotografie: Die Sch\u00f6nheit der Strukturen einfangen Architekturfotografie f\u00e4ngt die \u00c4sthetik, Struktur und Atmosph\u00e4re von Geb\u00e4uden ein. Durch pr\u00e4zise Komposition und Lichtf\u00fchrung werden Details hervorgehoben, w\u00e4hrend die Gesamtheit des Bauwerks im Fokus bleibt. Diese Fotografieform vereint Technik und k\u00fcnstlerische Vision, um die Sch\u00f6nheit und Funktionalit\u00e4t der Architektur zu w\u00fcrdigen und zu dokumentieren. Wie fotografiere ich am besten Geb\u00e4ude F\u00fcr beeindruckende Architekturaufnahmen empfehle ich folgende Kameraeinstellungen:W\u00e4hle eine l\u00e4ngere Belichtungszeit, etwa zwischen 1\/30 und 2 Sekunden, um die Details und Texturen der Architektur einzufangen. Nutze eine kleinere Blenden\u00f6ffnung, etwa zwischen f\/8 und f\/16, um eine gro\u00dfe Sch\u00e4rfentiefe zu erzielen und sicherzustellen, dass sowohl Vordergrund als auch Hintergrund scharf abgebildet werden. Halte den ISO-Wert niedrig, idealerweise bei 100 oder 200, um Bildrauschen zu minimieren. Verwende ein stabiles Stativ, um Verwacklungen zu vermeiden, und stelle den Fokus manuell ein, um die Sch\u00e4rfe pr\u00e4zise zu kontrollieren. selbstgeschossene Bilder<\/p>\n","protected":false},"author":2,"featured_media":0,"parent":0,"menu_order":0,"comment_status":"closed","ping_status":"closed","template":"","meta":{"footnotes":""},"class_list":["post-322","page","type-page","status-publish","hentry"],"_links":{"self":[{"href":"https:\/\/21schnabele.bplaced.net\/index.php?rest_route=\/wp\/v2\/pages\/322","targetHints":{"allow":["GET"]}}],"collection":[{"href":"https:\/\/21schnabele.bplaced.net\/index.php?rest_route=\/wp\/v2\/pages"}],"about":[{"href":"https:\/\/21schnabele.bplaced.net\/index.php?rest_route=\/wp\/v2\/types\/page"}],"author":[{"embeddable":true,"href":"https:\/\/21schnabele.bplaced.net\/index.php?rest_route=\/wp\/v2\/users\/2"}],"replies":[{"embeddable":true,"href":"https:\/\/21schnabele.bplaced.net\/index.php?rest_route=%2Fwp%2Fv2%2Fcomments&post=322"}],"version-history":[{"count":43,"href":"https:\/\/21schnabele.bplaced.net\/index.php?rest_route=\/wp\/v2\/pages\/322\/revisions"}],"predecessor-version":[{"id":3009,"href":"https:\/\/21schnabele.bplaced.net\/index.php?rest_route=\/wp\/v2\/pages\/322\/revisions\/3009"}],"wp:attachment":[{"href":"https:\/\/21schnabele.bplaced.net\/index.php?rest_route=%2Fwp%2Fv2%2Fmedia&parent=322"}],"curies":[{"name":"wp","href":"https:\/\/api.w.org\/{rel}","templated":true}]}}