{"id":337,"date":"2022-03-24T09:56:44","date_gmt":"2022-03-24T08:56:44","guid":{"rendered":"https:\/\/21schnabele.bplaced.net?page_id=337"},"modified":"2024-05-03T13:00:32","modified_gmt":"2024-05-03T11:00:32","slug":"action-und-sportfotografie","status":"publish","type":"page","link":"https:\/\/21schnabele.bplaced.net\/?page_id=337","title":{"rendered":"Action- und Sportfotografie"},"content":{"rendered":"\t\t<div data-elementor-type=\"wp-page\" data-elementor-id=\"337\" class=\"elementor elementor-337\">\n\t\t\t\t\t\t<section class=\"elementor-section elementor-top-section elementor-element elementor-element-3effe074 elementor-section-stretched elementor-section-height-min-height elementor-section-boxed elementor-section-height-default elementor-section-items-middle wpr-particle-no wpr-jarallax-no wpr-parallax-no wpr-sticky-section-no elementor-invisible\" data-id=\"3effe074\" data-element_type=\"section\" data-settings=\"{&quot;background_background&quot;:&quot;video&quot;,&quot;background_video_link&quot;:&quot;https:\\\/\\\/www.youtube.com\\\/watch?v=H02hpzOUHXQ&quot;,&quot;background_video_start&quot;:30,&quot;background_video_end&quot;:45,&quot;animation&quot;:&quot;fadeIn&quot;,&quot;stretch_section&quot;:&quot;section-stretched&quot;}\">\n\t\t\t\t\t\t\t\t<div class=\"elementor-background-video-container elementor-hidden-mobile\" aria-hidden=\"true\">\n\t\t\t\t\t\t\t\t\t\t\t\t\t<div class=\"elementor-background-video-embed\"><\/div>\n\t\t\t\t\t\t\t\t\t\t\t\t<\/div>\n\t\t\t\t\t\t\t\t\t<div class=\"elementor-background-overlay\"><\/div>\n\t\t\t\t\t\t\t<div class=\"elementor-container elementor-column-gap-default\">\n\t\t\t\t\t<div class=\"elementor-column elementor-col-100 elementor-top-column elementor-element elementor-element-50b806ed\" data-id=\"50b806ed\" data-element_type=\"column\">\n\t\t\t<div class=\"elementor-widget-wrap elementor-element-populated\">\n\t\t\t\t\t\t<section class=\"elementor-section elementor-inner-section elementor-element elementor-element-6f26ec76 elementor-section-content-middle elementor-section-boxed elementor-section-height-default elementor-section-height-default wpr-particle-no wpr-jarallax-no wpr-parallax-no wpr-sticky-section-no\" data-id=\"6f26ec76\" data-element_type=\"section\">\n\t\t\t\t\t\t<div class=\"elementor-container elementor-column-gap-default\">\n\t\t\t\t\t<div class=\"elementor-column elementor-col-33 elementor-inner-column elementor-element elementor-element-72481374\" data-id=\"72481374\" data-element_type=\"column\">\n\t\t\t<div class=\"elementor-widget-wrap\">\n\t\t\t\t\t\t\t<\/div>\n\t\t<\/div>\n\t\t\t\t<div class=\"elementor-column elementor-col-33 elementor-inner-column elementor-element elementor-element-7e8f5668\" data-id=\"7e8f5668\" data-element_type=\"column\">\n\t\t\t<div class=\"elementor-widget-wrap elementor-element-populated\">\n\t\t\t\t\t\t<div class=\"elementor-element elementor-element-5e81dfb animated-fast elementor-widget__width-initial elementor-invisible elementor-widget elementor-widget-heading\" data-id=\"5e81dfb\" data-element_type=\"widget\" data-settings=\"{&quot;_animation&quot;:&quot;zoomIn&quot;}\" data-widget_type=\"heading.default\">\n\t\t\t\t<div class=\"elementor-widget-container\">\n\t\t\t\t\t<h1 class=\"elementor-heading-title elementor-size-large\">Action- &amp; Sport-fotografie<\/h1>\t\t\t\t<\/div>\n\t\t\t\t<\/div>\n\t\t\t\t\t<\/div>\n\t\t<\/div>\n\t\t\t\t<div class=\"elementor-column elementor-col-33 elementor-inner-column elementor-element elementor-element-6bafa328\" data-id=\"6bafa328\" data-element_type=\"column\">\n\t\t\t<div class=\"elementor-widget-wrap\">\n\t\t\t\t\t\t\t<\/div>\n\t\t<\/div>\n\t\t\t\t\t<\/div>\n\t\t<\/section>\n\t\t\t\t\t<\/div>\n\t\t<\/div>\n\t\t\t\t\t<\/div>\n\t\t<\/section>\n\t\t\t\t<section class=\"elementor-section elementor-top-section elementor-element elementor-element-a18fca5 elementor-section-content-middle animated-slow elementor-section-boxed elementor-section-height-default elementor-section-height-default wpr-particle-no wpr-jarallax-no wpr-parallax-no wpr-sticky-section-no elementor-invisible\" data-id=\"a18fca5\" data-element_type=\"section\" data-settings=\"{&quot;background_background&quot;:&quot;classic&quot;,&quot;animation&quot;:&quot;fadeIn&quot;}\">\n\t\t\t\t\t\t<div class=\"elementor-container elementor-column-gap-default\">\n\t\t\t\t\t<div class=\"elementor-column elementor-col-50 elementor-top-column elementor-element elementor-element-43e236bb elementor-invisible\" data-id=\"43e236bb\" data-element_type=\"column\" data-settings=\"{&quot;animation&quot;:&quot;fadeInLeft&quot;}\">\n\t\t\t<div class=\"elementor-widget-wrap elementor-element-populated\">\n\t\t\t\t\t\t<div class=\"elementor-element elementor-element-5f70190e elementor-invisible elementor-widget elementor-widget-heading\" data-id=\"5f70190e\" data-element_type=\"widget\" data-settings=\"{&quot;_animation&quot;:&quot;fadeInLeft&quot;}\" data-widget_type=\"heading.default\">\n\t\t\t\t<div class=\"elementor-widget-container\">\n\t\t\t\t\t<h2 class=\"elementor-heading-title elementor-size-default\">Ein Blick durch die Linse der Action- und Sportfotografie<\/h2>\t\t\t\t<\/div>\n\t\t\t\t<\/div>\n\t\t\t\t\t<\/div>\n\t\t<\/div>\n\t\t\t\t<div class=\"elementor-column elementor-col-50 elementor-top-column elementor-element elementor-element-47ce313c elementor-invisible\" data-id=\"47ce313c\" data-element_type=\"column\" data-settings=\"{&quot;animation&quot;:&quot;fadeInRight&quot;}\">\n\t\t\t<div class=\"elementor-widget-wrap elementor-element-populated\">\n\t\t\t\t\t\t<div class=\"elementor-element elementor-element-4990413c animated-slow elementor-invisible elementor-widget elementor-widget-text-editor\" data-id=\"4990413c\" data-element_type=\"widget\" data-settings=\"{&quot;_animation&quot;:&quot;fadeIn&quot;}\" data-widget_type=\"text-editor.default\">\n\t\t\t\t<div class=\"elementor-widget-container\">\n\t\t\t\t\t\t\t\t\t<p>Action- und Sportfotografie erfassen die Dynamik des Sports. Actionfotografie zeigt Bewegung und Geschwindigkeit, w\u00e4hrend Sportfotografie Emotionen und Dramatik einf\u00e4ngt. Beide Genres erfordern technisches K\u00f6nnen und Kreativit\u00e4t, um die Faszination des Sports einzufangen.<\/p>\t\t\t\t\t\t\t\t<\/div>\n\t\t\t\t<\/div>\n\t\t\t\t\t<\/div>\n\t\t<\/div>\n\t\t\t\t\t<\/div>\n\t\t<\/section>\n\t\t\t\t<section class=\"elementor-section elementor-top-section elementor-element elementor-element-7791b55a elementor-section-content-middle elementor-section-boxed elementor-section-height-default elementor-section-height-default wpr-particle-no wpr-jarallax-no wpr-parallax-no wpr-sticky-section-no\" data-id=\"7791b55a\" data-element_type=\"section\" data-settings=\"{&quot;background_background&quot;:&quot;classic&quot;}\">\n\t\t\t\t\t\t<div class=\"elementor-container elementor-column-gap-default\">\n\t\t\t\t\t<div class=\"elementor-column elementor-col-50 elementor-top-column elementor-element elementor-element-2df03574 elementor-invisible\" data-id=\"2df03574\" data-element_type=\"column\" data-settings=\"{&quot;animation&quot;:&quot;fadeInRight&quot;}\">\n\t\t\t<div class=\"elementor-widget-wrap elementor-element-populated\">\n\t\t\t\t\t\t<div class=\"elementor-element elementor-element-15d3928a elementor-widget elementor-widget-image\" data-id=\"15d3928a\" data-element_type=\"widget\" data-widget_type=\"image.default\">\n\t\t\t\t<div class=\"elementor-widget-container\">\n\t\t\t\t\t\t\t\t\t\t\t\t\t\t\t<img decoding=\"async\" src=\"https:\/\/21schnabele.bplaced.net\/wp-content\/uploads\/elementor\/thumbs\/Screenshot-2024-04-03-120438-qm5u0c8b7x9eutnznu8no80kturir9pnbps5s2nvbs.png\" title=\"Screenshot 2024-04-03 120438\" alt=\"Screenshot 2024-04-03 120438\" loading=\"lazy\" \/>\t\t\t\t\t\t\t\t\t\t\t\t\t\t\t<\/div>\n\t\t\t\t<\/div>\n\t\t\t\t\t<\/div>\n\t\t<\/div>\n\t\t\t\t<div class=\"elementor-column elementor-col-50 elementor-top-column elementor-element elementor-element-5a7d6c8b elementor-invisible\" data-id=\"5a7d6c8b\" data-element_type=\"column\" data-settings=\"{&quot;animation&quot;:&quot;fadeInLeft&quot;}\">\n\t\t\t<div class=\"elementor-widget-wrap elementor-element-populated\">\n\t\t\t\t\t\t<div class=\"elementor-element elementor-element-7dd327a animated-slow elementor-invisible elementor-widget elementor-widget-heading\" data-id=\"7dd327a\" data-element_type=\"widget\" data-settings=\"{&quot;_animation&quot;:&quot;fadeIn&quot;}\" data-widget_type=\"heading.default\">\n\t\t\t\t<div class=\"elementor-widget-container\">\n\t\t\t\t\t<h2 class=\"elementor-heading-title elementor-size-default\">Wie mache ich solche fotos<\/h2>\t\t\t\t<\/div>\n\t\t\t\t<\/div>\n\t\t\t\t<div class=\"elementor-element elementor-element-178101da animated-slow elementor-invisible elementor-widget elementor-widget-text-editor\" data-id=\"178101da\" data-element_type=\"widget\" data-settings=\"{&quot;_animation&quot;:&quot;fadeIn&quot;}\" data-widget_type=\"text-editor.default\">\n\t\t\t\t<div class=\"elementor-widget-container\">\n\t\t\t\t\t\t\t\t\t<div class=\"flex flex-grow flex-col max-w-full\"><div class=\"min-h-[20px] text-message flex flex-col items-start gap-3 whitespace-pre-wrap break-words [.text-message+&amp;]:mt-5 overflow-x-auto\" dir=\"auto\" data-message-author-role=\"assistant\" data-message-id=\"7676bf06-b81c-4c6d-b808-6aa905cdc5bf\"><div class=\"markdown prose w-full break-words dark:prose-invert light\"><p>F\u00fcr Sport- und Actionfotos empfehlen sich folgende Kameraeinstellungen: W\u00e4hle eine kurze Belichtungszeit (1\/500 &#8211; 1\/2000 Sekunde) und eine gro\u00dfe Blenden\u00f6ffnung (f\/2.8 &#8211; f\/5.6), um Bewegungen einzufrieren und das Hauptmotiv scharf abzubilden. Beginne mit einem niedrigen ISO-Wert (100-200) und nutze den kontinuierlichen Autofokus sowie den Serienbildmodus, um schnelle Bildfolgen aufzunehmen. Aktiviere die Bildstabilisierung, um Verwacklungen zu minimieren. Experimentiere mit den Einstellungen, um optimale Ergebnisse zu erzielen.<\/p><\/div><\/div><\/div><div class=\"mt-1 flex gap-3 empty:hidden\"><div class=\"text-gray-400 flex self-end lg:self-center items-center justify-center lg:justify-start mt-0 -ml-1 h-7 gap-[2px] visible\">\u00a0<\/div><\/div><div class=\"flex\">\u00a0<\/div>\t\t\t\t\t\t\t\t<\/div>\n\t\t\t\t<\/div>\n\t\t\t\t\t<\/div>\n\t\t<\/div>\n\t\t\t\t\t<\/div>\n\t\t<\/section>\n\t\t\t\t<section class=\"elementor-section elementor-top-section elementor-element elementor-element-cb5ec88 elementor-section-boxed elementor-section-height-default elementor-section-height-default wpr-particle-no wpr-jarallax-no wpr-parallax-no wpr-sticky-section-no\" data-id=\"cb5ec88\" data-element_type=\"section\">\n\t\t\t\t\t\t<div class=\"elementor-container elementor-column-gap-default\">\n\t\t\t\t\t<div class=\"elementor-column elementor-col-100 elementor-top-column elementor-element elementor-element-d951029\" data-id=\"d951029\" data-element_type=\"column\" data-settings=\"{&quot;background_background&quot;:&quot;classic&quot;}\">\n\t\t\t<div class=\"elementor-widget-wrap elementor-element-populated\">\n\t\t\t\t\t\t<div class=\"elementor-element elementor-element-49ad2c9b animated-slow elementor-invisible elementor-widget elementor-widget-heading\" data-id=\"49ad2c9b\" data-element_type=\"widget\" data-settings=\"{&quot;_animation&quot;:&quot;fadeIn&quot;}\" data-widget_type=\"heading.default\">\n\t\t\t\t<div class=\"elementor-widget-container\">\n\t\t\t\t\t<h2 class=\"elementor-heading-title elementor-size-default\">Diese Sportaktivit\u00e4ten mag ich<\/h2>\t\t\t\t<\/div>\n\t\t\t\t<\/div>\n\t\t\t\t\t<\/div>\n\t\t<\/div>\n\t\t\t\t\t<\/div>\n\t\t<\/section>\n\t\t\t\t<section class=\"elementor-section elementor-top-section elementor-element elementor-element-43736a96 animated-fast elementor-section-boxed elementor-section-height-default elementor-section-height-default wpr-particle-no wpr-jarallax-no wpr-parallax-no wpr-sticky-section-no elementor-invisible\" data-id=\"43736a96\" data-element_type=\"section\" data-settings=\"{&quot;background_background&quot;:&quot;classic&quot;,&quot;animation&quot;:&quot;fadeIn&quot;}\">\n\t\t\t\t\t\t\t<div class=\"elementor-background-overlay\"><\/div>\n\t\t\t\t\t\t\t<div class=\"elementor-container elementor-column-gap-default\">\n\t\t\t\t\t<div class=\"elementor-column elementor-col-100 elementor-top-column elementor-element elementor-element-1f95e24f\" data-id=\"1f95e24f\" data-element_type=\"column\">\n\t\t\t<div class=\"elementor-widget-wrap elementor-element-populated\">\n\t\t\t\t\t\t<section class=\"elementor-section elementor-inner-section elementor-element elementor-element-2257c159 elementor-section-boxed elementor-section-height-default elementor-section-height-default wpr-particle-no wpr-jarallax-no wpr-parallax-no wpr-sticky-section-no\" data-id=\"2257c159\" data-element_type=\"section\">\n\t\t\t\t\t\t<div class=\"elementor-container elementor-column-gap-default\">\n\t\t\t\t\t<div class=\"elementor-column elementor-col-33 elementor-inner-column elementor-element elementor-element-63b624ba animated-fast elementor-invisible\" data-id=\"63b624ba\" data-element_type=\"column\" data-settings=\"{&quot;animation&quot;:&quot;fadeInUp&quot;}\">\n\t\t\t<div class=\"elementor-widget-wrap elementor-element-populated\">\n\t\t\t\t\t\t<div class=\"elementor-element elementor-element-11332246 elementor-position-top elementor-invisible elementor-widget elementor-widget-image-box\" data-id=\"11332246\" data-element_type=\"widget\" data-settings=\"{&quot;_animation&quot;:&quot;rotateInUpRight&quot;}\" data-widget_type=\"image-box.default\">\n\t\t\t\t<div class=\"elementor-widget-container\">\n\t\t\t\t\t<div class=\"elementor-image-box-wrapper\"><figure class=\"elementor-image-box-img\"><img decoding=\"async\" src=\"https:\/\/21schnabele.bplaced.net\/wp-content\/uploads\/elementor\/thumbs\/51320b2b-14a5-449e-bbf9-01b0c2728637-qm7ayw7bomytcqp39eiqn848uv5lbhu64vowedrcxk.jpeg\" title=\"51320b2b-14a5-449e-bbf9-01b0c2728637\" alt=\"51320b2b-14a5-449e-bbf9-01b0c2728637\" class=\"elementor-animation-grow\" loading=\"lazy\" \/><\/figure><div class=\"elementor-image-box-content\"><h3 class=\"elementor-image-box-title\">Ski<\/h3><p class=\"elementor-image-box-description\">In der Winterzeit gehe ich sehr gerne Skifahren. Am liebsten am Glungezer, da ich 3 Minuten von der Talstation entfernt wohne. Am lustigsten ist es immer mit meinen Freunden, da wir auch sehr gerne im Gasthaus sitzen.<\/p><\/div><\/div>\t\t\t\t<\/div>\n\t\t\t\t<\/div>\n\t\t\t\t\t<\/div>\n\t\t<\/div>\n\t\t\t\t<div class=\"elementor-column elementor-col-33 elementor-inner-column elementor-element elementor-element-74f89069 elementor-invisible\" data-id=\"74f89069\" data-element_type=\"column\" data-settings=\"{&quot;animation&quot;:&quot;fadeInUp&quot;}\">\n\t\t\t<div class=\"elementor-widget-wrap elementor-element-populated\">\n\t\t\t\t\t\t<div class=\"elementor-element elementor-element-3f512a88 elementor-position-top elementor-invisible elementor-widget elementor-widget-image-box\" data-id=\"3f512a88\" data-element_type=\"widget\" data-settings=\"{&quot;_animation&quot;:&quot;rotateInUpRight&quot;}\" data-widget_type=\"image-box.default\">\n\t\t\t\t<div class=\"elementor-widget-container\">\n\t\t\t\t\t<div class=\"elementor-image-box-wrapper\"><figure class=\"elementor-image-box-img\"><img decoding=\"async\" src=\"https:\/\/21schnabele.bplaced.net\/wp-content\/uploads\/elementor\/thumbs\/Screenshot-2024-04-03-120615-qm5u12jqpi1dbf0fxlmb45iwy0pukfulfxfexbjku0.png\" title=\"Screenshot 2024-04-03 120615\" alt=\"Screenshot 2024-04-03 120615\" class=\"elementor-animation-grow\" loading=\"lazy\" \/><\/figure><div class=\"elementor-image-box-content\"><h3 class=\"elementor-image-box-title\">Cycling<\/h3><p class=\"elementor-image-box-description\">Im Sommer fahre ich sehr gerne mit meiner Cross, Teilweise kann ich zwar nur im Wald fahren, da meine KTM keine Stra\u00dfenzulassung hat, aber hin und wieder fahren ich auch mit einen Kollegen nach Kundl oder Rietz an die Rennstecke.<\/p><\/div><\/div>\t\t\t\t<\/div>\n\t\t\t\t<\/div>\n\t\t\t\t\t<\/div>\n\t\t<\/div>\n\t\t\t\t<div class=\"elementor-column elementor-col-33 elementor-inner-column elementor-element elementor-element-314f7d5a animated-slow elementor-invisible\" data-id=\"314f7d5a\" data-element_type=\"column\" data-settings=\"{&quot;animation&quot;:&quot;fadeInUp&quot;}\">\n\t\t\t<div class=\"elementor-widget-wrap elementor-element-populated\">\n\t\t\t\t\t\t<div class=\"elementor-element elementor-element-626e7a3 elementor-position-top elementor-invisible elementor-widget elementor-widget-image-box\" data-id=\"626e7a3\" data-element_type=\"widget\" data-settings=\"{&quot;_animation&quot;:&quot;rotateInUpRight&quot;}\" data-widget_type=\"image-box.default\">\n\t\t\t\t<div class=\"elementor-widget-container\">\n\t\t\t\t\t<div class=\"elementor-image-box-wrapper\"><figure class=\"elementor-image-box-img\"><img decoding=\"async\" src=\"https:\/\/21schnabele.bplaced.net\/wp-content\/uploads\/elementor\/thumbs\/IMG_4491-scaled-qm7az0wimt58ysi9hyjvhoxjtsifdzcttiybsrke2g.jpeg\" title=\"IMG_4491\" alt=\"IMG_4491\" class=\"elementor-animation-grow\" loading=\"lazy\" \/><\/figure><div class=\"elementor-image-box-content\"><h3 class=\"elementor-image-box-title\">Jetski<\/h3><p class=\"elementor-image-box-description\">Wenn wir im Sommer am Gardasee sind, ist Jetskifahren ein muss, es ist einfach ein befreiendes Gef\u00fchl, wenn man mit 60- 80 km\/h \u00fcbers Wasser Fahren kann und man viel Bl\u00f6dsinn machen kann.<\/p><\/div><\/div>\t\t\t\t<\/div>\n\t\t\t\t<\/div>\n\t\t\t\t\t<\/div>\n\t\t<\/div>\n\t\t\t\t\t<\/div>\n\t\t<\/section>\n\t\t\t\t<section class=\"elementor-section elementor-inner-section elementor-element elementor-element-5189501 elementor-section-boxed elementor-section-height-default elementor-section-height-default wpr-particle-no wpr-jarallax-no wpr-parallax-no wpr-sticky-section-no\" data-id=\"5189501\" data-element_type=\"section\">\n\t\t\t\t\t\t<div class=\"elementor-container elementor-column-gap-default\">\n\t\t\t\t\t<div class=\"elementor-column elementor-col-33 elementor-inner-column elementor-element elementor-element-a014220 animated-fast elementor-invisible\" data-id=\"a014220\" data-element_type=\"column\" data-settings=\"{&quot;animation&quot;:&quot;fadeInUp&quot;}\">\n\t\t\t<div class=\"elementor-widget-wrap elementor-element-populated\">\n\t\t\t\t\t\t<div class=\"elementor-element elementor-element-46bcfda elementor-position-top elementor-invisible elementor-widget elementor-widget-image-box\" data-id=\"46bcfda\" data-element_type=\"widget\" data-settings=\"{&quot;_animation&quot;:&quot;rotateInUpRight&quot;}\" data-widget_type=\"image-box.default\">\n\t\t\t\t<div class=\"elementor-widget-container\">\n\t\t\t\t\t<div class=\"elementor-image-box-wrapper\"><figure class=\"elementor-image-box-img\"><img decoding=\"async\" src=\"https:\/\/21schnabele.bplaced.net\/wp-content\/uploads\/elementor\/thumbs\/Screenshot-2024-04-03-121723-qm5ueylvpd1wvyu2tlrtync4z094bezsoohq8iy4vs.png\" title=\"Screenshot 2024-04-03 121723\" alt=\"Screenshot 2024-04-03 121723\" class=\"elementor-animation-grow\" loading=\"lazy\" \/><\/figure><div class=\"elementor-image-box-content\"><h3 class=\"elementor-image-box-title\">Snowmobiling<\/h3><p class=\"elementor-image-box-description\">Skidoo fahren ist auch immer lustig, da man einfach in der Natur ist und Bl\u00f6dsinn machen kann. Eigentlich ist es es gleiche wie Jet Ski fahren nur halt im Winter. Vor allem Ausfl\u00fcge nach Finnland um Skidoo zu fahren sind ein sehr tolles Erlebnis.<\/p><\/div><\/div>\t\t\t\t<\/div>\n\t\t\t\t<\/div>\n\t\t\t\t\t<\/div>\n\t\t<\/div>\n\t\t\t\t<div class=\"elementor-column elementor-col-33 elementor-inner-column elementor-element elementor-element-a3826af elementor-invisible\" data-id=\"a3826af\" data-element_type=\"column\" data-settings=\"{&quot;animation&quot;:&quot;fadeInUp&quot;}\">\n\t\t\t<div class=\"elementor-widget-wrap elementor-element-populated\">\n\t\t\t\t\t\t<div class=\"elementor-element elementor-element-6f775be elementor-position-top elementor-invisible elementor-widget elementor-widget-image-box\" data-id=\"6f775be\" data-element_type=\"widget\" data-settings=\"{&quot;_animation&quot;:&quot;rotateInUpRight&quot;}\" data-widget_type=\"image-box.default\">\n\t\t\t\t<div class=\"elementor-widget-container\">\n\t\t\t\t\t<div class=\"elementor-image-box-wrapper\"><figure class=\"elementor-image-box-img\"><img decoding=\"async\" src=\"https:\/\/21schnabele.bplaced.net\/wp-content\/uploads\/elementor\/thumbs\/IMG_1406-scaled-qm7bfbft3fg67guad032pkx6i87gt41c261b9feq7s.jpeg\" title=\"IMG_1406\" alt=\"IMG_1406\" class=\"elementor-animation-grow\" loading=\"lazy\" \/><\/figure><div class=\"elementor-image-box-content\"><h3 class=\"elementor-image-box-title\">Hiking<\/h3><p class=\"elementor-image-box-description\">Im Sommer wandere ich auch sehr gerne. Ich liebe einfach, die Aussicht und die die Ruhe am Berg zu genie\u00dfen. Am meisten gehe ich auf die Glungezer Spitze oder die Neunerspitz \/ Vigarspitz<br><\/p><\/div><\/div>\t\t\t\t<\/div>\n\t\t\t\t<\/div>\n\t\t\t\t\t<\/div>\n\t\t<\/div>\n\t\t\t\t<div class=\"elementor-column elementor-col-33 elementor-inner-column elementor-element elementor-element-34dfb86 animated-slow elementor-invisible\" data-id=\"34dfb86\" data-element_type=\"column\" data-settings=\"{&quot;animation&quot;:&quot;fadeInUp&quot;}\">\n\t\t\t<div class=\"elementor-widget-wrap elementor-element-populated\">\n\t\t\t\t\t\t<div class=\"elementor-element elementor-element-b34d287 elementor-position-top elementor-invisible elementor-widget elementor-widget-image-box\" data-id=\"b34d287\" data-element_type=\"widget\" data-settings=\"{&quot;_animation&quot;:&quot;rotateInUpRight&quot;}\" data-widget_type=\"image-box.default\">\n\t\t\t\t<div class=\"elementor-widget-container\">\n\t\t\t\t\t<div class=\"elementor-image-box-wrapper\"><figure class=\"elementor-image-box-img\"><img decoding=\"async\" src=\"https:\/\/21schnabele.bplaced.net\/wp-content\/uploads\/elementor\/thumbs\/c2921261-62ff-40ee-b5a5-9f6e088b7faa-qm7aypmgcspt3gynbtocnrs0p620tm41rz4i1g1454.jpeg\" title=\"c2921261-62ff-40ee-b5a5-9f6e088b7faa\" alt=\"c2921261-62ff-40ee-b5a5-9f6e088b7faa\" class=\"elementor-animation-grow\" loading=\"lazy\" \/><\/figure><div class=\"elementor-image-box-content\"><h3 class=\"elementor-image-box-title\">Skitour<\/h3><p class=\"elementor-image-box-description\">Skitour darf nat\u00fcrlich auch nicht fehlen. Die Lieblingsstrecke, von denen ich bis jetzt gegangen bin, ist von der Tulfein auf den Glungezer \/ Glungezerh\u00fctte rauf. <\/p><\/div><\/div>\t\t\t\t<\/div>\n\t\t\t\t<\/div>\n\t\t\t\t\t<\/div>\n\t\t<\/div>\n\t\t\t\t\t<\/div>\n\t\t<\/section>\n\t\t\t\t\t<\/div>\n\t\t<\/div>\n\t\t\t\t\t<\/div>\n\t\t<\/section>\n\t\t\t\t<\/div>\n\t\t","protected":false},"excerpt":{"rendered":"<p>Action- &#038; Sport-fotografie Ein Blick durch die Linse der Action- und Sportfotografie Action- und Sportfotografie erfassen die Dynamik des Sports. Actionfotografie zeigt Bewegung und Geschwindigkeit, w\u00e4hrend Sportfotografie Emotionen und Dramatik einf\u00e4ngt. Beide Genres erfordern technisches K\u00f6nnen und Kreativit\u00e4t, um die Faszination des Sports einzufangen. Wie mache ich solche fotos F\u00fcr Sport- und Actionfotos empfehlen sich folgende Kameraeinstellungen: W\u00e4hle eine kurze Belichtungszeit (1\/500 &#8211; 1\/2000 Sekunde) und eine gro\u00dfe Blenden\u00f6ffnung (f\/2.8 &#8211; f\/5.6), um Bewegungen einzufrieren und das Hauptmotiv scharf abzubilden. Beginne mit einem niedrigen ISO-Wert (100-200) und nutze den kontinuierlichen Autofokus sowie den Serienbildmodus, um schnelle Bildfolgen aufzunehmen. Aktiviere die Bildstabilisierung, um Verwacklungen zu minimieren. Experimentiere mit den Einstellungen, um optimale Ergebnisse zu erzielen. \u00a0\u00a0 Diese Sportaktivit\u00e4ten mag ich Ski In der Winterzeit gehe ich sehr gerne Skifahren. Am liebsten am Glungezer, da ich 3 Minuten von der Talstation entfernt wohne. Am lustigsten ist es immer mit meinen Freunden, da wir auch sehr gerne im Gasthaus sitzen. Cycling Im Sommer fahre ich sehr gerne mit meiner Cross, Teilweise kann ich zwar nur im Wald fahren, da meine KTM keine Stra\u00dfenzulassung hat, aber hin und wieder fahren ich auch mit einen Kollegen nach Kundl oder Rietz an die Rennstecke. Jetski Wenn wir im Sommer am Gardasee sind, ist Jetskifahren ein muss, es ist einfach ein befreiendes Gef\u00fchl, wenn man mit 60- 80 km\/h \u00fcbers Wasser Fahren kann und man viel Bl\u00f6dsinn machen kann. Snowmobiling Skidoo fahren ist auch immer lustig, da man einfach in der Natur ist und Bl\u00f6dsinn machen kann. Eigentlich ist es es gleiche wie Jet Ski fahren nur halt im Winter. Vor allem Ausfl\u00fcge nach Finnland um Skidoo zu fahren sind ein sehr tolles Erlebnis. Hiking Im Sommer wandere ich auch sehr gerne. Ich liebe einfach, die Aussicht und die die Ruhe am Berg zu genie\u00dfen. Am meisten gehe ich auf die Glungezer Spitze oder die Neunerspitz \/ Vigarspitz Skitour Skitour darf nat\u00fcrlich auch nicht fehlen. Die Lieblingsstrecke, von denen ich bis jetzt gegangen bin, ist von der Tulfein auf den Glungezer \/ Glungezerh\u00fctte rauf.<\/p>\n","protected":false},"author":2,"featured_media":0,"parent":0,"menu_order":0,"comment_status":"closed","ping_status":"closed","template":"","meta":{"footnotes":""},"class_list":["post-337","page","type-page","status-publish","hentry"],"_links":{"self":[{"href":"https:\/\/21schnabele.bplaced.net\/index.php?rest_route=\/wp\/v2\/pages\/337","targetHints":{"allow":["GET"]}}],"collection":[{"href":"https:\/\/21schnabele.bplaced.net\/index.php?rest_route=\/wp\/v2\/pages"}],"about":[{"href":"https:\/\/21schnabele.bplaced.net\/index.php?rest_route=\/wp\/v2\/types\/page"}],"author":[{"embeddable":true,"href":"https:\/\/21schnabele.bplaced.net\/index.php?rest_route=\/wp\/v2\/users\/2"}],"replies":[{"embeddable":true,"href":"https:\/\/21schnabele.bplaced.net\/index.php?rest_route=%2Fwp%2Fv2%2Fcomments&post=337"}],"version-history":[{"count":37,"href":"https:\/\/21schnabele.bplaced.net\/index.php?rest_route=\/wp\/v2\/pages\/337\/revisions"}],"predecessor-version":[{"id":3002,"href":"https:\/\/21schnabele.bplaced.net\/index.php?rest_route=\/wp\/v2\/pages\/337\/revisions\/3002"}],"wp:attachment":[{"href":"https:\/\/21schnabele.bplaced.net\/index.php?rest_route=%2Fwp%2Fv2%2Fmedia&parent=337"}],"curies":[{"name":"wp","href":"https:\/\/api.w.org\/{rel}","templated":true}]}}