{"id":471,"date":"2022-03-24T10:15:23","date_gmt":"2022-03-24T09:15:23","guid":{"rendered":"https:\/\/21schnabele.bplaced.net?page_id=471"},"modified":"2024-06-14T12:34:54","modified_gmt":"2024-06-14T10:34:54","slug":"verkauf","status":"publish","type":"page","link":"https:\/\/21schnabele.bplaced.net\/?page_id=471","title":{"rendered":"SAP"},"content":{"rendered":"\t\t<div data-elementor-type=\"wp-page\" data-elementor-id=\"471\" class=\"elementor elementor-471\">\n\t\t\t\t\t\t<section class=\"elementor-section elementor-top-section elementor-element elementor-element-78fb32fd elementor-section-content-middle elementor-section-height-min-height elementor-section-boxed elementor-section-height-default elementor-section-items-middle wpr-particle-no wpr-jarallax-no wpr-parallax-no wpr-sticky-section-no\" data-id=\"78fb32fd\" data-element_type=\"section\" data-settings=\"{&quot;background_background&quot;:&quot;slideshow&quot;,&quot;shape_divider_bottom&quot;:&quot;tilt&quot;,&quot;background_slideshow_gallery&quot;:[{&quot;id&quot;:3182,&quot;url&quot;:&quot;https:\\\/\\\/21schnabele.bplaced.net\\\/wp-content\\\/uploads\\\/2024\\\/06\\\/SAP-Shutterstock-2068406267-1920.jpg&quot;}],&quot;background_slideshow_loop&quot;:&quot;yes&quot;,&quot;background_slideshow_slide_duration&quot;:5000,&quot;background_slideshow_slide_transition&quot;:&quot;fade&quot;,&quot;background_slideshow_transition_duration&quot;:500}\">\n\t\t\t\t\t\t\t<div class=\"elementor-background-overlay\"><\/div>\n\t\t\t\t\t\t<div class=\"elementor-shape elementor-shape-bottom\" aria-hidden=\"true\" data-negative=\"false\">\n\t\t\t<svg xmlns=\"http:\/\/www.w3.org\/2000\/svg\" viewBox=\"0 0 1000 100\" preserveAspectRatio=\"none\">\n\t<path class=\"elementor-shape-fill\" d=\"M0,6V0h1000v100L0,6z\"\/>\n<\/svg>\t\t<\/div>\n\t\t\t\t\t<div class=\"elementor-container elementor-column-gap-wider\">\n\t\t\t\t\t<div class=\"elementor-column elementor-col-100 elementor-top-column elementor-element elementor-element-2d3fa54\" data-id=\"2d3fa54\" data-element_type=\"column\">\n\t\t\t<div class=\"elementor-widget-wrap\">\n\t\t\t\t\t<div class=\"elementor-background-overlay\"><\/div>\n\t\t\t\t\t\t\t<\/div>\n\t\t<\/div>\n\t\t\t\t\t<\/div>\n\t\t<\/section>\n\t\t\t\t<section class=\"elementor-section elementor-top-section elementor-element elementor-element-5193221d elementor-section-content-middle elementor-section-boxed elementor-section-height-default elementor-section-height-default wpr-particle-no wpr-jarallax-no wpr-parallax-no wpr-sticky-section-no\" data-id=\"5193221d\" data-element_type=\"section\" data-settings=\"{&quot;background_background&quot;:&quot;gradient&quot;}\">\n\t\t\t\t\t\t\t<div class=\"elementor-background-overlay\"><\/div>\n\t\t\t\t\t\t\t<div class=\"elementor-container elementor-column-gap-wider\">\n\t\t\t\t\t<div class=\"elementor-column elementor-col-100 elementor-top-column elementor-element elementor-element-1df1378c\" data-id=\"1df1378c\" data-element_type=\"column\">\n\t\t\t<div class=\"elementor-widget-wrap elementor-element-populated\">\n\t\t\t\t\t\t<section class=\"elementor-section elementor-inner-section elementor-element elementor-element-3a5389f2 elementor-section-boxed elementor-section-height-default elementor-section-height-default wpr-particle-no wpr-jarallax-no wpr-parallax-no wpr-sticky-section-no\" data-id=\"3a5389f2\" data-element_type=\"section\">\n\t\t\t\t\t\t<div class=\"elementor-container elementor-column-gap-default\">\n\t\t\t\t\t<div class=\"elementor-column elementor-col-100 elementor-inner-column elementor-element elementor-element-4678a0b6\" data-id=\"4678a0b6\" data-element_type=\"column\">\n\t\t\t<div class=\"elementor-widget-wrap elementor-element-populated\">\n\t\t\t\t\t\t<div class=\"elementor-element elementor-element-d6f3803 elementor-widget elementor-widget-spacer\" data-id=\"d6f3803\" data-element_type=\"widget\" data-widget_type=\"spacer.default\">\n\t\t\t\t<div class=\"elementor-widget-container\">\n\t\t\t\t\t\t\t<div class=\"elementor-spacer\">\n\t\t\t<div class=\"elementor-spacer-inner\"><\/div>\n\t\t<\/div>\n\t\t\t\t\t\t<\/div>\n\t\t\t\t<\/div>\n\t\t\t\t<div class=\"elementor-element elementor-element-78e035d2 elementor-widget elementor-widget-heading\" data-id=\"78e035d2\" data-element_type=\"widget\" data-widget_type=\"heading.default\">\n\t\t\t\t<div class=\"elementor-widget-container\">\n\t\t\t\t\t<h2 class=\"elementor-heading-title elementor-size-default\">Was ist SAP<\/h2>\t\t\t\t<\/div>\n\t\t\t\t<\/div>\n\t\t\t\t<div class=\"elementor-element elementor-element-707d38b elementor-widget-divider--view-line elementor-widget elementor-widget-divider\" data-id=\"707d38b\" data-element_type=\"widget\" data-widget_type=\"divider.default\">\n\t\t\t\t<div class=\"elementor-widget-container\">\n\t\t\t\t\t\t\t<div class=\"elementor-divider\">\n\t\t\t<span class=\"elementor-divider-separator\">\n\t\t\t\t\t\t<\/span>\n\t\t<\/div>\n\t\t\t\t\t\t<\/div>\n\t\t\t\t<\/div>\n\t\t\t\t<div class=\"elementor-element elementor-element-9eeb167 elementor-widget elementor-widget-spacer\" data-id=\"9eeb167\" data-element_type=\"widget\" data-widget_type=\"spacer.default\">\n\t\t\t\t<div class=\"elementor-widget-container\">\n\t\t\t\t\t\t\t<div class=\"elementor-spacer\">\n\t\t\t<div class=\"elementor-spacer-inner\"><\/div>\n\t\t<\/div>\n\t\t\t\t\t\t<\/div>\n\t\t\t\t<\/div>\n\t\t\t\t\t<\/div>\n\t\t<\/div>\n\t\t\t\t\t<\/div>\n\t\t<\/section>\n\t\t\t\t<div class=\"elementor-element elementor-element-224c32c6 elementor-widget elementor-widget-text-editor\" data-id=\"224c32c6\" data-element_type=\"widget\" data-widget_type=\"text-editor.default\">\n\t\t\t\t<div class=\"elementor-widget-container\">\n\t\t\t\t\t\t\t\t\t<div id=\"lipsum\">\n<p>SAP steht f\u00fcr &#8222;Systeme, Anwendungen und Produkte in der Datenverarbeitung&#8220; (Systeme, Applications, and Products in Data Processing). Es handelt sich um einen multinationalen Softwarehersteller aus Deutschland, der sich auf Unternehmenssoftware spezialisiert hat. SAP bietet eine breite Palette von Softwarel\u00f6sungen f\u00fcr verschiedene Gesch\u00e4ftsbereiche an, darunter Enterprise Resource Planning (ERP), Customer Relationship Management (CRM), Supply Chain Management (SCM) und mehr. Die Software wird von Unternehmen weltweit genutzt, um ihre Gesch\u00e4ftsprozesse zu automatisieren, zu integrieren und zu optimieren. SAP-Systeme unterst\u00fctzen Unternehmen dabei, ihre Ressourcen effizient zu verwalten und ihre operativen Abl\u00e4ufe zu verbessern.<\/p>\n<p><\/p>\n<p><\/p>\n<p><\/p><\/div>\t\t\t\t\t\t\t\t<\/div>\n\t\t\t\t<\/div>\n\t\t\t\t<div class=\"elementor-element elementor-element-da0d11f elementor-align-right elementor-mobile-align-justify elementor-tablet-align-center elementor-widget elementor-widget-button\" data-id=\"da0d11f\" data-element_type=\"widget\" data-widget_type=\"button.default\">\n\t\t\t\t<div class=\"elementor-widget-container\">\n\t\t\t\t\t\t\t\t\t<div class=\"elementor-button-wrapper\">\n\t\t\t\t\t<a class=\"elementor-button elementor-button-link elementor-size-md elementor-animation-float\" href=\"\">\n\t\t\t\t\t\t<span class=\"elementor-button-content-wrapper\">\n\t\t\t\t\t\t<span class=\"elementor-button-icon\">\n\t\t\t\t<i aria-hidden=\"true\" class=\"fas fa-sign-in-alt\"><\/i>\t\t\t<\/span>\n\t\t\t\t\t\t\t\t\t<span class=\"elementor-button-text\">learn more<\/span>\n\t\t\t\t\t<\/span>\n\t\t\t\t\t<\/a>\n\t\t\t\t<\/div>\n\t\t\t\t\t\t\t\t<\/div>\n\t\t\t\t<\/div>\n\t\t\t\t\t<\/div>\n\t\t<\/div>\n\t\t\t\t<div class=\"elementor-column elementor-col-100 elementor-top-column elementor-element elementor-element-4ff0274e\" data-id=\"4ff0274e\" data-element_type=\"column\">\n\t\t\t<div class=\"elementor-widget-wrap elementor-element-populated\">\n\t\t\t\t\t\t<div class=\"elementor-element elementor-element-92094a5 elementor-widget elementor-widget-spacer\" data-id=\"92094a5\" data-element_type=\"widget\" data-widget_type=\"spacer.default\">\n\t\t\t\t<div class=\"elementor-widget-container\">\n\t\t\t\t\t\t\t<div class=\"elementor-spacer\">\n\t\t\t<div class=\"elementor-spacer-inner\"><\/div>\n\t\t<\/div>\n\t\t\t\t\t\t<\/div>\n\t\t\t\t<\/div>\n\t\t\t\t<div class=\"elementor-element elementor-element-01622c9 elementor-widget elementor-widget-image\" data-id=\"01622c9\" data-element_type=\"widget\" data-widget_type=\"image.default\">\n\t\t\t\t<div class=\"elementor-widget-container\">\n\t\t\t\t\t\t\t\t\t\t\t\t\t\t\t<img fetchpriority=\"high\" decoding=\"async\" width=\"960\" height=\"474\" src=\"https:\/\/21schnabele.bplaced.net\/wp-content\/uploads\/2024\/06\/SAP_2011_logo.svg-1-1024x506.png\" class=\"attachment-large size-large wp-image-3187\" alt=\"\" srcset=\"https:\/\/21schnabele.bplaced.net\/wp-content\/uploads\/2024\/06\/SAP_2011_logo.svg-1-1024x506.png 1024w, https:\/\/21schnabele.bplaced.net\/wp-content\/uploads\/2024\/06\/SAP_2011_logo.svg-1-300x148.png 300w, https:\/\/21schnabele.bplaced.net\/wp-content\/uploads\/2024\/06\/SAP_2011_logo.svg-1-768x380.png 768w, https:\/\/21schnabele.bplaced.net\/wp-content\/uploads\/2024\/06\/SAP_2011_logo.svg-1-600x297.png 600w, https:\/\/21schnabele.bplaced.net\/wp-content\/uploads\/2024\/06\/SAP_2011_logo.svg-1.png 1200w\" sizes=\"(max-width: 960px) 100vw, 960px\" \/>\t\t\t\t\t\t\t\t\t\t\t\t\t\t\t<\/div>\n\t\t\t\t<\/div>\n\t\t\t\t<section class=\"elementor-section elementor-inner-section elementor-element elementor-element-faef6e6 elementor-section-boxed elementor-section-height-default elementor-section-height-default wpr-particle-no wpr-jarallax-no wpr-parallax-no wpr-sticky-section-no\" data-id=\"faef6e6\" data-element_type=\"section\">\n\t\t\t\t\t\t<div class=\"elementor-container elementor-column-gap-default\">\n\t\t\t\t\t<div class=\"elementor-column elementor-col-50 elementor-inner-column elementor-element elementor-element-6e2ac94\" data-id=\"6e2ac94\" data-element_type=\"column\">\n\t\t\t<div class=\"elementor-widget-wrap\">\n\t\t\t\t\t\t\t<\/div>\n\t\t<\/div>\n\t\t\t\t<div class=\"elementor-column elementor-col-50 elementor-inner-column elementor-element elementor-element-ea988c2\" data-id=\"ea988c2\" data-element_type=\"column\">\n\t\t\t<div class=\"elementor-widget-wrap\">\n\t\t\t\t\t\t\t<\/div>\n\t\t<\/div>\n\t\t\t\t\t<\/div>\n\t\t<\/section>\n\t\t\t\t\t<\/div>\n\t\t<\/div>\n\t\t\t\t\t<\/div>\n\t\t<\/section>\n\t\t\t\t<section class=\"elementor-section elementor-top-section elementor-element elementor-element-aca9b1a elementor-section-boxed elementor-section-height-default elementor-section-height-default wpr-particle-no wpr-jarallax-no wpr-parallax-no wpr-sticky-section-no\" data-id=\"aca9b1a\" data-element_type=\"section\" data-settings=\"{&quot;background_background&quot;:&quot;classic&quot;}\">\n\t\t\t\t\t\t<div class=\"elementor-container elementor-column-gap-default\">\n\t\t\t\t\t<div class=\"elementor-column elementor-col-100 elementor-top-column elementor-element elementor-element-2ba903d\" data-id=\"2ba903d\" data-element_type=\"column\">\n\t\t\t<div class=\"elementor-widget-wrap elementor-element-populated\">\n\t\t\t\t\t\t<div class=\"elementor-element elementor-element-8852fcb elementor-widget elementor-widget-heading\" data-id=\"8852fcb\" data-element_type=\"widget\" data-widget_type=\"heading.default\">\n\t\t\t\t<div class=\"elementor-widget-container\">\n\t\t\t\t\t<h2 class=\"elementor-heading-title elementor-size-default\">Was wir an der Hak gelernt haben<\/h2>\t\t\t\t<\/div>\n\t\t\t\t<\/div>\n\t\t\t\t\t<\/div>\n\t\t<\/div>\n\t\t\t\t\t<\/div>\n\t\t<\/section>\n\t\t\t\t<section class=\"elementor-section elementor-top-section elementor-element elementor-element-31c9474 elementor-section-boxed elementor-section-height-default elementor-section-height-default wpr-particle-no wpr-jarallax-no wpr-parallax-no wpr-sticky-section-no\" data-id=\"31c9474\" data-element_type=\"section\" data-settings=\"{&quot;background_background&quot;:&quot;classic&quot;}\">\n\t\t\t\t\t\t<div class=\"elementor-container elementor-column-gap-default\">\n\t\t\t\t\t<div class=\"elementor-column elementor-col-20 elementor-top-column elementor-element elementor-element-42bfba1\" data-id=\"42bfba1\" data-element_type=\"column\">\n\t\t\t<div class=\"elementor-widget-wrap elementor-element-populated\">\n\t\t\t\t\t\t<div class=\"elementor-element elementor-element-9ec09cb elementor-widget elementor-widget-heading\" data-id=\"9ec09cb\" data-element_type=\"widget\" data-widget_type=\"heading.default\">\n\t\t\t\t<div class=\"elementor-widget-container\">\n\t\t\t\t\t<h2 class=\"elementor-heading-title elementor-size-default\">Stammdaten<\/h2>\t\t\t\t<\/div>\n\t\t\t\t<\/div>\n\t\t\t\t<div class=\"elementor-element elementor-element-6223e76 elementor-widget elementor-widget-text-editor\" data-id=\"6223e76\" data-element_type=\"widget\" data-widget_type=\"text-editor.default\">\n\t\t\t\t<div class=\"elementor-widget-container\">\n\t\t\t\t\t\t\t\t\t<div><div dir=\"auto\" data-message-author-role=\"assistant\" data-message-id=\"2a88ff33-6b24-4f31-aed1-01e3b421bebe\"><div><div><p>Stammdaten im SAP sind grundlegende Informationen \u00fcber Gesch\u00e4ftsobjekte wie Kunden, Lieferanten, Materialien und Mitarbeiter. Sie sind essentiell f\u00fcr Gesch\u00e4ftsprozesse und m\u00fcssen genau gepflegt werden, um die Effizienz der Unternehmensabl\u00e4ufe sicherzustellen.<\/p><\/div><\/div><\/div><\/div><div><div><div><span data-state=\"closed\">\u00a0<\/span><\/div><\/div><\/div>\t\t\t\t\t\t\t\t<\/div>\n\t\t\t\t<\/div>\n\t\t\t\t\t<\/div>\n\t\t<\/div>\n\t\t\t\t<div class=\"elementor-column elementor-col-20 elementor-top-column elementor-element elementor-element-58cc646\" data-id=\"58cc646\" data-element_type=\"column\">\n\t\t\t<div class=\"elementor-widget-wrap elementor-element-populated\">\n\t\t\t\t\t\t<div class=\"elementor-element elementor-element-2ec55d9 elementor-widget elementor-widget-heading\" data-id=\"2ec55d9\" data-element_type=\"widget\" data-widget_type=\"heading.default\">\n\t\t\t\t<div class=\"elementor-widget-container\">\n\t\t\t\t\t<h2 class=\"elementor-heading-title elementor-size-default\">Kundenauftr\u00e4ge<\/h2>\t\t\t\t<\/div>\n\t\t\t\t<\/div>\n\t\t\t\t<div class=\"elementor-element elementor-element-1cd2aae elementor-widget elementor-widget-text-editor\" data-id=\"1cd2aae\" data-element_type=\"widget\" data-widget_type=\"text-editor.default\">\n\t\t\t\t<div class=\"elementor-widget-container\">\n\t\t\t\t\t\t\t\t\t<p>Stammdaten im SAP umfassen grundlegende Informationen \u00fcber Kunden, Lieferanten, Materialien, Mitarbeiter und Kundenauftr\u00e4ge. Sie sind unerl\u00e4sslich f\u00fcr die Effizienz der Gesch\u00e4ftsabl\u00e4ufe und m\u00fcssen pr\u00e4zise verwaltet werden.<\/p>\t\t\t\t\t\t\t\t<\/div>\n\t\t\t\t<\/div>\n\t\t\t\t\t<\/div>\n\t\t<\/div>\n\t\t\t\t<div class=\"elementor-column elementor-col-20 elementor-top-column elementor-element elementor-element-e6bd0ce\" data-id=\"e6bd0ce\" data-element_type=\"column\">\n\t\t\t<div class=\"elementor-widget-wrap elementor-element-populated\">\n\t\t\t\t\t\t<div class=\"elementor-element elementor-element-1c48853 elementor-widget elementor-widget-heading\" data-id=\"1c48853\" data-element_type=\"widget\" data-widget_type=\"heading.default\">\n\t\t\t\t<div class=\"elementor-widget-container\">\n\t\t\t\t\t<h2 class=\"elementor-heading-title elementor-size-default\">Debitoren<\/h2>\t\t\t\t<\/div>\n\t\t\t\t<\/div>\n\t\t\t\t<div class=\"elementor-element elementor-element-c0e5da5 elementor-widget elementor-widget-text-editor\" data-id=\"c0e5da5\" data-element_type=\"widget\" data-widget_type=\"text-editor.default\">\n\t\t\t\t<div class=\"elementor-widget-container\">\n\t\t\t\t\t\t\t\t\t<p>In SAP sind &#8222;Debtoren&#8220; Gesch\u00e4ftspartner, die dem Unternehmen Geld schulden, wie Kunden mit offenen Rechnungen. Sie werden \u00fcber spezielle Debitorenkonten verwaltet, um die Buchhaltung und finanziellen Transaktionen effizient zu verwalten.<\/p>\t\t\t\t\t\t\t\t<\/div>\n\t\t\t\t<\/div>\n\t\t\t\t<div class=\"elementor-element elementor-element-6eec4f7 elementor-widget__width-initial elementor-widget elementor-widget-spacer\" data-id=\"6eec4f7\" data-element_type=\"widget\" data-widget_type=\"spacer.default\">\n\t\t\t\t<div class=\"elementor-widget-container\">\n\t\t\t\t\t\t\t<div class=\"elementor-spacer\">\n\t\t\t<div class=\"elementor-spacer-inner\"><\/div>\n\t\t<\/div>\n\t\t\t\t\t\t<\/div>\n\t\t\t\t<\/div>\n\t\t\t\t<div class=\"elementor-element elementor-element-edd5176 elementor-widget elementor-widget-spacer\" data-id=\"edd5176\" data-element_type=\"widget\" data-widget_type=\"spacer.default\">\n\t\t\t\t<div class=\"elementor-widget-container\">\n\t\t\t\t\t\t\t<div class=\"elementor-spacer\">\n\t\t\t<div class=\"elementor-spacer-inner\"><\/div>\n\t\t<\/div>\n\t\t\t\t\t\t<\/div>\n\t\t\t\t<\/div>\n\t\t\t\t\t<\/div>\n\t\t<\/div>\n\t\t\t\t<div class=\"elementor-column elementor-col-20 elementor-top-column elementor-element elementor-element-7fb83ea\" data-id=\"7fb83ea\" data-element_type=\"column\">\n\t\t\t<div class=\"elementor-widget-wrap elementor-element-populated\">\n\t\t\t\t\t\t<div class=\"elementor-element elementor-element-7a8e5e4 elementor-widget elementor-widget-heading\" data-id=\"7a8e5e4\" data-element_type=\"widget\" data-widget_type=\"heading.default\">\n\t\t\t\t<div class=\"elementor-widget-container\">\n\t\t\t\t\t<h2 class=\"elementor-heading-title elementor-size-default\">Kreditoren<\/h2>\t\t\t\t<\/div>\n\t\t\t\t<\/div>\n\t\t\t\t<div class=\"elementor-element elementor-element-00451b2 elementor-widget elementor-widget-text-editor\" data-id=\"00451b2\" data-element_type=\"widget\" data-widget_type=\"text-editor.default\">\n\t\t\t\t<div class=\"elementor-widget-container\">\n\t\t\t\t\t\t\t\t\t<p>Kreditoren sind in SAP Gesch\u00e4ftspartner, denen das Unternehmen Geld schuldet, wie Lieferanten oder Dienstleister. \u00dcber Kreditorenkonten werden die offenen Verbindlichkeiten verwaltet, um die Buchhaltung und finanziellen Transaktionen effizient zu verwalten.<\/p>\t\t\t\t\t\t\t\t<\/div>\n\t\t\t\t<\/div>\n\t\t\t\t\t<\/div>\n\t\t<\/div>\n\t\t\t\t<div class=\"elementor-column elementor-col-20 elementor-top-column elementor-element elementor-element-78b2b8c\" data-id=\"78b2b8c\" data-element_type=\"column\">\n\t\t\t<div class=\"elementor-widget-wrap elementor-element-populated\">\n\t\t\t\t\t\t<div class=\"elementor-element elementor-element-2ed79c5 elementor-widget elementor-widget-heading\" data-id=\"2ed79c5\" data-element_type=\"widget\" data-widget_type=\"heading.default\">\n\t\t\t\t<div class=\"elementor-widget-container\">\n\t\t\t\t\t<h2 class=\"elementor-heading-title elementor-size-default\">Hauptbuch<\/h2>\t\t\t\t<\/div>\n\t\t\t\t<\/div>\n\t\t\t\t<div class=\"elementor-element elementor-element-8e6f038 elementor-widget elementor-widget-text-editor\" data-id=\"8e6f038\" data-element_type=\"widget\" data-widget_type=\"text-editor.default\">\n\t\t\t\t<div class=\"elementor-widget-container\">\n\t\t\t\t\t\t\t\t\t<p>Das Hauptbuch in SAP ist das zentrale Buchhaltungssystem eines Unternehmens, das alle finanziellen Transaktionen systematisch erfasst und verwaltet. Es bildet die Grundlage f\u00fcr die Erstellung von Finanzberichten und Jahresabschl\u00fcssen, die f\u00fcr die Analyse der finanziellen Lage und Leistung des Unternehmens entscheidend sind.<\/p>\t\t\t\t\t\t\t\t<\/div>\n\t\t\t\t<\/div>\n\t\t\t\t\t<\/div>\n\t\t<\/div>\n\t\t\t\t\t<\/div>\n\t\t<\/section>\n\t\t\t\t<section class=\"elementor-section elementor-top-section elementor-element elementor-element-077e9b9 elementor-section-boxed elementor-section-height-default elementor-section-height-default wpr-particle-no wpr-jarallax-no wpr-parallax-no wpr-sticky-section-no\" data-id=\"077e9b9\" data-element_type=\"section\" data-settings=\"{&quot;background_background&quot;:&quot;classic&quot;}\">\n\t\t\t\t\t\t<div class=\"elementor-container elementor-column-gap-default\">\n\t\t\t\t\t<div class=\"elementor-column elementor-col-100 elementor-top-column elementor-element elementor-element-dac21bd\" data-id=\"dac21bd\" data-element_type=\"column\">\n\t\t\t<div class=\"elementor-widget-wrap elementor-element-populated\">\n\t\t\t\t\t\t<div class=\"elementor-element elementor-element-7264631 elementor-widget elementor-widget-heading\" data-id=\"7264631\" data-element_type=\"widget\" data-widget_type=\"heading.default\">\n\t\t\t\t<div class=\"elementor-widget-container\">\n\t\t\t\t\t<h2 class=\"elementor-heading-title elementor-size-default\">Zertifikat<\/h2>\t\t\t\t<\/div>\n\t\t\t\t<\/div>\n\t\t\t\t<div class=\"elementor-element elementor-element-9812424 elementor-widget elementor-widget-image\" data-id=\"9812424\" data-element_type=\"widget\" data-widget_type=\"image.default\">\n\t\t\t\t<div class=\"elementor-widget-container\">\n\t\t\t\t\t\t\t\t\t\t\t\t\t\t\t<img decoding=\"async\" src=\"https:\/\/21schnabele.bplaced.net\/wp-content\/uploads\/elementor\/thumbs\/998acc6c-79b3-47d9-a6bf-f4d29c66ff55-qpn6w7sr0c9f0tefoos7mr5gfnrgdbu9sfa3143j4s.jpeg\" title=\"998acc6c-79b3-47d9-a6bf-f4d29c66ff55\" alt=\"998acc6c-79b3-47d9-a6bf-f4d29c66ff55\" loading=\"lazy\" \/>\t\t\t\t\t\t\t\t\t\t\t\t\t\t\t<\/div>\n\t\t\t\t<\/div>\n\t\t\t\t\t<\/div>\n\t\t<\/div>\n\t\t\t\t\t<\/div>\n\t\t<\/section>\n\t\t\t\t<\/div>\n\t\t","protected":false},"excerpt":{"rendered":"<p>Was ist SAP SAP steht f\u00fcr &#8222;Systeme, Anwendungen und Produkte in der Datenverarbeitung&#8220; (Systeme, Applications, and Products in Data Processing). Es handelt sich um einen multinationalen Softwarehersteller aus Deutschland, der sich auf Unternehmenssoftware spezialisiert hat. SAP bietet eine breite Palette von Softwarel\u00f6sungen f\u00fcr verschiedene Gesch\u00e4ftsbereiche an, darunter Enterprise Resource Planning (ERP), Customer Relationship Management (CRM), Supply Chain Management (SCM) und mehr. Die Software wird von Unternehmen weltweit genutzt, um ihre Gesch\u00e4ftsprozesse zu automatisieren, zu integrieren und zu optimieren. SAP-Systeme unterst\u00fctzen Unternehmen dabei, ihre Ressourcen effizient zu verwalten und ihre operativen Abl\u00e4ufe zu verbessern. learn more Was wir an der Hak gelernt haben Stammdaten Stammdaten im SAP sind grundlegende Informationen \u00fcber Gesch\u00e4ftsobjekte wie Kunden, Lieferanten, Materialien und Mitarbeiter. Sie sind essentiell f\u00fcr Gesch\u00e4ftsprozesse und m\u00fcssen genau gepflegt werden, um die Effizienz der Unternehmensabl\u00e4ufe sicherzustellen. \u00a0 Kundenauftr\u00e4ge Stammdaten im SAP umfassen grundlegende Informationen \u00fcber Kunden, Lieferanten, Materialien, Mitarbeiter und Kundenauftr\u00e4ge. Sie sind unerl\u00e4sslich f\u00fcr die Effizienz der Gesch\u00e4ftsabl\u00e4ufe und m\u00fcssen pr\u00e4zise verwaltet werden. Debitoren In SAP sind &#8222;Debtoren&#8220; Gesch\u00e4ftspartner, die dem Unternehmen Geld schulden, wie Kunden mit offenen Rechnungen. Sie werden \u00fcber spezielle Debitorenkonten verwaltet, um die Buchhaltung und finanziellen Transaktionen effizient zu verwalten. Kreditoren Kreditoren sind in SAP Gesch\u00e4ftspartner, denen das Unternehmen Geld schuldet, wie Lieferanten oder Dienstleister. \u00dcber Kreditorenkonten werden die offenen Verbindlichkeiten verwaltet, um die Buchhaltung und finanziellen Transaktionen effizient zu verwalten. Hauptbuch Das Hauptbuch in SAP ist das zentrale Buchhaltungssystem eines Unternehmens, das alle finanziellen Transaktionen systematisch erfasst und verwaltet. Es bildet die Grundlage f\u00fcr die Erstellung von Finanzberichten und Jahresabschl\u00fcssen, die f\u00fcr die Analyse der finanziellen Lage und Leistung des Unternehmens entscheidend sind. Zertifikat<\/p>\n","protected":false},"author":2,"featured_media":0,"parent":0,"menu_order":0,"comment_status":"closed","ping_status":"closed","template":"","meta":{"footnotes":""},"class_list":["post-471","page","type-page","status-publish","hentry"],"_links":{"self":[{"href":"https:\/\/21schnabele.bplaced.net\/index.php?rest_route=\/wp\/v2\/pages\/471","targetHints":{"allow":["GET"]}}],"collection":[{"href":"https:\/\/21schnabele.bplaced.net\/index.php?rest_route=\/wp\/v2\/pages"}],"about":[{"href":"https:\/\/21schnabele.bplaced.net\/index.php?rest_route=\/wp\/v2\/types\/page"}],"author":[{"embeddable":true,"href":"https:\/\/21schnabele.bplaced.net\/index.php?rest_route=\/wp\/v2\/users\/2"}],"replies":[{"embeddable":true,"href":"https:\/\/21schnabele.bplaced.net\/index.php?rest_route=%2Fwp%2Fv2%2Fcomments&post=471"}],"version-history":[{"count":49,"href":"https:\/\/21schnabele.bplaced.net\/index.php?rest_route=\/wp\/v2\/pages\/471\/revisions"}],"predecessor-version":[{"id":3220,"href":"https:\/\/21schnabele.bplaced.net\/index.php?rest_route=\/wp\/v2\/pages\/471\/revisions\/3220"}],"wp:attachment":[{"href":"https:\/\/21schnabele.bplaced.net\/index.php?rest_route=%2Fwp%2Fv2%2Fmedia&parent=471"}],"curies":[{"name":"wp","href":"https:\/\/api.w.org\/{rel}","templated":true}]}}